{"id":37562,"date":"2024-02-12T16:36:59","date_gmt":"2024-02-12T15:36:59","guid":{"rendered":"https:\/\/www.krivak.sk\/?page_id=37562"},"modified":"2024-02-14T14:47:09","modified_gmt":"2024-02-14T13:47:09","slug":"pracovne-pravo-2","status":"publish","type":"page","link":"https:\/\/www.krivak.sk\/eng\/sluzby-4\/pracovne-pravo-2\/","title":{"rendered":"Labor Law"},"content":{"rendered":"<section class=\"wpb-content-wrapper\"><div id=\"headerpoyadie\" data-vc-full-width=\"true\" data-vc-full-width-init=\"false\" data-vc-stretch-content=\"true\" class=\"vc_row wpb_row vc_row-fluid vc_custom_1519923483907 vc_row-has-fill vc_row-no-padding vc_row-o-full-height vc_row-o-content-bottom vc_row-flex\"><div class=\"wpb_column vc_column_container vc_col-sm-12\"><div class=\"vc_column-inner\"><div class=\"wpb_wrapper\">\n\t<div class=\"wpb_text_column wpb_content_element\" id=\"boxvheaderpozadi-zalozky2\">\n\t\t<div class=\"wpb_wrapper\">\n\t\t\t<h4>Krivak &amp; Co<\/h4>\n<h1 class=\"fancy-title entry-title\">Labor Law<\/h1>\n<p class=\"fancy-subtitle entry-title\"><img decoding=\"async\" loading=\"lazy\" class=\"alignleft size-full wp-image-32210\" src=\"http:\/\/www.krivak.sk\/wp-content\/uploads\/revslider\/dejure-home\/line.png\" alt=\"\" width=\"199\" height=\"11\" \/><\/p>\n\n\t\t<\/div>\n\t<\/div>\n<\/div><\/div><\/div><\/div><div class=\"vc_row-full-width\"><\/div><div class=\"vc_row wpb_row vc_row-fluid vc_custom_1521542701771\"><div class=\"wpb_column vc_column_container vc_col-sm-12\"><div class=\"vc_column-inner\"><div class=\"wpb_wrapper\">\n\t<div class=\"wpb_text_column wpb_content_element\" >\n\t\t<div class=\"wpb_wrapper\">\n\t\t\t<p style=\"text-align: center;\"><span style=\"color: #a78f68;\"><strong>LABOR LAW<\/strong><\/span><\/p>\n<h1 style=\"text-align: center;\"><b>Labor Law<\/b><\/h1>\n\n\t\t<\/div>\n\t<\/div>\n<div class=\"vc_empty_space\"   style=\"height: 20px\"><span class=\"vc_empty_space_inner\"><\/span><\/div><\/div><\/div><\/div><\/div><div class=\"vc_row wpb_row vc_row-fluid vc_custom_1520426050929\"><div class=\"wpb_column vc_column_container vc_col-sm-12\"><div class=\"vc_column-inner\"><div class=\"wpb_wrapper\">\n\t<div class=\"wpb_text_column wpb_content_element\" >\n\t\t<div class=\"wpb_wrapper\">\n\t\t\t<p class=\" translation-block\">We advise <b>employers on the preparation of sample or individual work agreements, managerial agreements, and internal company regulations in the field of labor law<\/b> (particularly staff regulations, internal rules preventing discrimination at work, registry regulations, safety projects, health and safety at work policies and in-house measures against money laundering). Employers may count on our help with <b>employment termination and collective redundancies<\/b>, allocating and transferring staff, implementing transparency and equal pay measures, and collective bargaining. We have provided hours of counseling and issued several legal opinions on liability in employment relationships, health and safety at work, and compliance with anti-discrimination rules.<\/p>\n<div>\n<p class=\" translation-block\">An integral part of our work is providing advice to and representing employers and employees <b>during communication with labor inspectorates and other public administrative authorities supervising compliance with labor<\/b> legislation.<\/p>\n<\/div>\n<div>\n<p><strong><b>We have successfully represented our clients \u2013employers and employees \u2013 in labor disputes before the courts of first or second instance and even before the Supreme Court of the Slovak Republic.<\/b> We have often settled disputes out of court by agreement between parties.<\/strong><\/p>\n<\/div>\n<div>\n<p><strong>We also offer our services to trade unions.<\/strong><\/p>\n<p><strong><a href=\"https:\/\/www.krivak.sk\/eng\/nase-uspechy\/#1518748628969-0f43d0cb-224a\">CASES AND EXPERIENCE<\/a><\/strong><\/p>\n\n\t\t<\/div>\n\t<\/div>\n<\/div><\/div><\/div><\/div><div class=\"vc_row wpb_row vc_row-fluid vc_custom_1520426050929\"><div class=\"wpb_column vc_column_container vc_col-sm-12\"><div class=\"vc_column-inner\"><div class=\"wpb_wrapper\">\n\t<div class=\"wpb_text_column wpb_content_element\" >\n\t\t<div class=\"wpb_wrapper\">\n\t\t\t\n\t\t<\/div>\n\t<\/div>\n<\/div><\/div><\/div><\/div><div class=\"vc_row wpb_row vc_row-fluid vc_custom_1520425644014\"><div class=\"wpb_column vc_column_container vc_col-sm-3\"><div class=\"vc_column-inner vc_custom_1525357701680\"><div class=\"wpb_wrapper\"><div class=\"banner-warpper sluzby\"><div class=\"banner-warpper-inner\"><a href=\"https:\/\/www.krivak.sk\/eng\/sluzby-4\/sporova-agenda\/\" target=\"\" title=\"\"><div class=\"banner-background\" style=\"background-image: url(https:\/\/www.krivak.sk\/wp-content\/uploads\/2018\/02\/3E3E9260.jpg);\"><\/div><div class=\"banner-inner\"><div class=\"banner-content\" style=\"border-color:;height:300px;\"><\/p>\n<h3 style=\"text-align: center;\"><span style=\"color: #ffffff;\">Litigation<br \/>\n<\/span><\/h3>\n<p><\/div><\/div><\/a><\/div><\/div><div class=\"vc_empty_space\"   style=\"height: 32px\"><span class=\"vc_empty_space_inner\"><\/span><\/div><div class=\"banner-warpper sluzby\"><div class=\"banner-warpper-inner\"><a href=\"https:\/\/www.krivak.sk\/eng\/sluzby-4\/antidiskriminacne-pravo-2\/\" target=\"\" title=\"Anti-discrimination Law\"><div class=\"banner-background\" style=\"background-image: url(https:\/\/www.krivak.sk\/wp-content\/uploads\/2024\/02\/antidiskriminacne-pravo.jpg);\"><\/div><div class=\"banner-inner\"><div class=\"banner-content\" style=\"border-color:;height:300px;\"><\/p>\n<h3 style=\"text-align: center;\"><span style=\"color: #ffffff;\">Anti-discrimination Law<\/span><\/h3>\n<p><\/div><\/div><\/a><\/div><\/div><div class=\"vc_empty_space\"   style=\"height: 32px\"><span class=\"vc_empty_space_inner\"><\/span><\/div><div class=\"banner-warpper sluzby\"><div class=\"banner-warpper-inner\"><a href=\"https:\/\/www.krivak.sk\/eng\/sluzby-4\/stavebne-a-pozemkove-pravo-2\/\" target=\"\" title=\"Public Procurement\"><div class=\"banner-background\" style=\"background-image: url(https:\/\/www.krivak.sk\/wp-content\/uploads\/2023\/08\/Stavebne-a-pozemkove-pravo-scaled-e1690874787966.jpg);\"><\/div><div class=\"banner-inner\"><div class=\"banner-content\" style=\"border-color:;height:300px;\"><\/p>\n<h3 style=\"text-align: center;\"><span style=\"color: #ffffff;\">Construction Law and Real Estate Rights<br \/>\n<\/span><\/h3>\n<p><\/div><\/div><\/a><\/div><\/div><\/div><\/div><\/div><div class=\"wpb_column vc_column_container vc_col-sm-3\"><div class=\"vc_column-inner vc_custom_1525357707424\"><div class=\"wpb_wrapper\"><div class=\"banner-warpper sluzby\"><div class=\"banner-warpper-inner\"><a href=\"https:\/\/www.krivak.sk\/eng\/sluzby\/verejne-obstaravanie\/\" target=\"\" title=\"Public Procurement\"><div class=\"banner-background\" style=\"background-image: url(https:\/\/www.krivak.sk\/wp-content\/uploads\/2020\/02\/sluzby.jpg);\"><\/div><div class=\"banner-inner\"><div class=\"banner-content\" style=\"border-color:;height:300px;\"><\/p>\n<h3 style=\"text-align: center;\"><span style=\"color: #ffffff;\">Public Procurement<br \/>\n<\/div><\/div><\/a><\/div><\/div><div class=\"vc_empty_space\"   style=\"height: 32px\"><span class=\"vc_empty_space_inner\"><\/span><\/div><div class=\"banner-warpper sluzby\"><div class=\"banner-warpper-inner\"><a href=\"https:\/\/www.krivak.sk\/eng\/sluzby-4\/pracovne-pravo-2\/\" target=\"\" title=\"Labor Law\"><div class=\"banner-background\" style=\"background-image: url(https:\/\/www.krivak.sk\/wp-content\/uploads\/2024\/02\/pracovne-pravo.jpg);\"><\/div><div class=\"banner-inner\"><div class=\"banner-content\" style=\"border-color:;height:300px;\"><\/span><\/h3>\n<h3 style=\"text-align: center;\"><span style=\"color: #ffffff;\">Labor Law<\/span><\/h3>\n<p><\/div><\/div><\/a><\/div><\/div><div class=\"vc_empty_space\"   style=\"height: 32px\"><span class=\"vc_empty_space_inner\"><\/span><\/div><div class=\"banner-warpper sluzby\"><div class=\"banner-warpper-inner\"><a href=\"https:\/\/www.krivak.sk\/eng\/sluzby-4\/medialne-pravo-2\/\" target=\"\" title=\"Media Law\"><div class=\"banner-background\" style=\"background-image: url(https:\/\/www.krivak.sk\/wp-content\/uploads\/2023\/08\/medialne-pravo.jpg);\"><\/div><div class=\"banner-inner\"><div class=\"banner-content\" style=\"border-color:;height:300px;\"><\/p>\n<h3 style=\"text-align: center;\"><span style=\"color: #ffffff;\">Media Law<br \/>\n<\/span><\/h3>\n<p><\/div><\/div><\/a><\/div><\/div><\/div><\/div><\/div><div class=\"wpb_column vc_column_container vc_col-sm-3\"><div class=\"vc_column-inner vc_custom_1525357707424\"><div class=\"wpb_wrapper\"><div class=\"banner-warpper sluzby\"><div class=\"banner-warpper-inner\"><a href=\"https:\/\/www.krivak.sk\/eng\/sluzby-4\/pravo-obchodnych-spolocnosti\/\" target=\"\" title=\"\"><div class=\"banner-background\" style=\"background-image: url(https:\/\/www.krivak.sk\/wp-content\/uploads\/2018\/02\/3E3E9191.jpg);\"><\/div><div class=\"banner-inner\"><div class=\"banner-content\" style=\"border-color:;height:300px;\"><\/p>\n<h3 style=\"text-align: center;\"><span style=\"color: #ffffff;\">Corporate Law<\/span><\/h3>\n<p><\/div><\/div><\/a><\/div><\/div><div class=\"vc_empty_space\"   style=\"height: 32px\"><span class=\"vc_empty_space_inner\"><\/span><\/div><div class=\"banner-warpper sluzby\"><div class=\"banner-warpper-inner\"><a href=\"https:\/\/www.krivak.sk\/eng\/sluzby-4\/rovnost-v-odmenovani-2\/\" target=\"\" title=\"Equal Pay\"><div class=\"banner-background\" style=\"background-image: url(https:\/\/www.krivak.sk\/wp-content\/uploads\/2024\/02\/rovnost-v-odmenovani-scaled.jpg);\"><\/div><div class=\"banner-inner\"><div class=\"banner-content\" style=\"border-color:;height:300px;\"><\/p>\n<h3 style=\"text-align: center;\"><span style=\"color: #ffffff;\">Equal Pay<\/span><\/h3>\n<p><\/div><\/div><\/a><\/div><\/div><div class=\"vc_empty_space\"   style=\"height: 32px\"><span class=\"vc_empty_space_inner\"><\/span><\/div><div class=\"banner-warpper sluzby\"><div class=\"banner-warpper-inner\"><a href=\"https:\/\/www.krivak.sk\/eng\/sluzby-4\/trestne-pravo\/\" target=\"\" title=\"Criminal Law\"><div class=\"banner-background\" style=\"background-image: url(https:\/\/www.krivak.sk\/wp-content\/uploads\/2023\/08\/Trestne-pravo-scaled-e1690874648228.jpg);\"><\/div><div class=\"banner-inner\"><div class=\"banner-content\" style=\"border-color:;height:300px;\"><\/p>\n<h3 style=\"text-align: center;\"><span style=\"color: #ffffff;\">Criminal Law<br \/>\n<\/span><\/h3>\n<p><\/div><\/div><\/a><\/div><\/div><\/div><\/div><\/div><div class=\"wpb_column vc_column_container vc_col-sm-3\"><div class=\"vc_column-inner\"><div class=\"wpb_wrapper\"><div class=\"banner-warpper sluzby\"><div class=\"banner-warpper-inner\"><a href=\"https:\/\/www.krivak.sk\/eng\/sluzby-4\/bankove-financne-pravo\/\" target=\"\" title=\"Banking and Financial Law\"><div class=\"banner-background\" style=\"background-image: url(https:\/\/www.krivak.sk\/wp-content\/uploads\/2018\/02\/3E3E9233.jpg);\"><\/div><div class=\"banner-inner\"><div class=\"banner-content\" style=\"border-color:;height:300px;\"><\/p>\n<h3 style=\"text-align: center;\"><span style=\"color: #ffffff;\">Banking and Financial Law<br \/>\n<\/span><\/h3>\n<p><\/div><\/div><\/a><\/div><\/div><div class=\"vc_empty_space\"   style=\"height: 32px\"><span class=\"vc_empty_space_inner\"><\/span><\/div><div class=\"banner-warpper sluzby\"><div class=\"banner-warpper-inner\"><a href=\"https:\/\/www.krivak.sk\/eng\/sluzby-4\/zdravotnicke-pravo\/\" target=\"\" title=\"Health Law\"><div class=\"banner-background\" style=\"background-image: url(https:\/\/www.krivak.sk\/wp-content\/uploads\/2024\/02\/zdravotnice-pravo.jpg);\"><\/div><div class=\"banner-inner\"><div class=\"banner-content\" style=\"border-color:;height:300px;\"><\/p>\n<h3 style=\"text-align: center;\"><span style=\"color: #ffffff;\">Health Law<\/span><\/h3>\n<p><\/div><\/div><\/a><\/div><\/div><div class=\"vc_empty_space\"   style=\"height: 32px\"><span class=\"vc_empty_space_inner\"><\/span><\/div><div class=\"banner-warpper sluzby\"><div class=\"banner-warpper-inner\"><a href=\"https:\/\/www.krivak.sk\/eng\/sluzby-4\/sportove-pravo-2\/\" target=\"\" title=\"Sports Law\"><div class=\"banner-background\" style=\"background-image: url(https:\/\/www.krivak.sk\/wp-content\/uploads\/2023\/08\/sportove-pravo.jpg);\"><\/div><div class=\"banner-inner\"><div class=\"banner-content\" style=\"border-color:;height:300px;\"><\/p>\n<h3 style=\"text-align: center;\"><span style=\"color: #ffffff;\">Sports Law<\/span><\/h3>\n<p><\/div><\/div><\/a><\/div><\/div><\/div><\/div><\/div><\/div>\n<\/div>\n<\/section>","protected":false},"excerpt":{"rendered":"Krivak &amp; Co Pracovn\u00e9 pr\u00e1vo PRACOVN\u00c9 PR\u00c1VO Pracovn\u00e9 pr\u00e1vo Na\u0161im klientom- zamestn\u00e1vate\u013eom poskytujeme pr\u00e1vne poradenstvo pri pr\u00edprave vzorov\u00fdch alebo individu\u00e1lnych pracovn\u00fdch zml\u00fav, mana\u017e\u00e9rskych zml\u00fav a\u00a0intern\u00fdch firemn\u00fdch predpisov v\u00a0oblasti pracovn\u00e9ho pr\u00e1va (najm\u00e4 pracovn\u00fd poriadok, intern\u00e9 predpisy na zamedzenie diskrimin\u00e1cie na pracovisku, registrat\u00farny poriadok, bezpe\u010dnostn\u00fd projekt, koncepciu politiky BOZP \u010di program vlastnej&hellip;","protected":false},"author":32,"featured_media":0,"parent":32017,"menu_order":0,"comment_status":"closed","ping_status":"closed","template":"","meta":[],"acf":[],"aioseo_notices":[],"_links":{"self":[{"href":"https:\/\/www.krivak.sk\/eng\/wp-json\/wp\/v2\/pages\/37562"}],"collection":[{"href":"https:\/\/www.krivak.sk\/eng\/wp-json\/wp\/v2\/pages"}],"about":[{"href":"https:\/\/www.krivak.sk\/eng\/wp-json\/wp\/v2\/types\/page"}],"author":[{"embeddable":true,"href":"https:\/\/www.krivak.sk\/eng\/wp-json\/wp\/v2\/users\/32"}],"replies":[{"embeddable":true,"href":"https:\/\/www.krivak.sk\/eng\/wp-json\/wp\/v2\/comments?post=37562"}],"version-history":[{"count":7,"href":"https:\/\/www.krivak.sk\/eng\/wp-json\/wp\/v2\/pages\/37562\/revisions"}],"predecessor-version":[{"id":37652,"href":"https:\/\/www.krivak.sk\/eng\/wp-json\/wp\/v2\/pages\/37562\/revisions\/37652"}],"up":[{"embeddable":true,"href":"https:\/\/www.krivak.sk\/eng\/wp-json\/wp\/v2\/pages\/32017"}],"wp:attachment":[{"href":"https:\/\/www.krivak.sk\/eng\/wp-json\/wp\/v2\/media?parent=37562"}],"curies":[{"name":"wp","href":"https:\/\/api.w.org\/{rel}","templated":true}]}}