{"id":37548,"date":"2024-02-12T15:40:46","date_gmt":"2024-02-12T14:40:46","guid":{"rendered":"https:\/\/www.krivak.sk\/?page_id=37548"},"modified":"2024-02-12T18:04:27","modified_gmt":"2024-02-12T17:04:27","slug":"antidiskriminacne-pravo-2","status":"publish","type":"page","link":"https:\/\/www.krivak.sk\/eng\/sluzby-4\/antidiskriminacne-pravo-2\/","title":{"rendered":"Anti-discrimination Law"},"content":{"rendered":"<section class=\"wpb-content-wrapper\"><div id=\"headerpoyadie\" data-vc-full-width=\"true\" data-vc-full-width-init=\"false\" data-vc-stretch-content=\"true\" class=\"vc_row wpb_row vc_row-fluid vc_custom_1519923483907 vc_row-has-fill vc_row-no-padding vc_row-o-full-height vc_row-o-content-bottom vc_row-flex\"><div class=\"wpb_column vc_column_container vc_col-sm-12\"><div class=\"vc_column-inner\"><div class=\"wpb_wrapper\">\n\t<div class=\"wpb_text_column wpb_content_element\" id=\"boxvheaderpozadi-zalozky2\">\n\t\t<div class=\"wpb_wrapper\">\n\t\t\t<h4>Krivak &amp; Co<\/h4>\n<h1 class=\"fancy-title entry-title\">Anti-discrimination Law<\/h1>\n<p class=\"fancy-subtitle entry-title\"><img decoding=\"async\" loading=\"lazy\" class=\"alignleft size-full wp-image-32210\" src=\"http:\/\/www.krivak.sk\/wp-content\/uploads\/revslider\/dejure-home\/line.png\" alt=\"\" width=\"199\" height=\"11\" \/><\/p>\n\n\t\t<\/div>\n\t<\/div>\n<\/div><\/div><\/div><\/div><div class=\"vc_row-full-width\"><\/div><div class=\"vc_row wpb_row vc_row-fluid vc_custom_1521542701771\"><div class=\"wpb_column vc_column_container vc_col-sm-12\"><div class=\"vc_column-inner\"><div class=\"wpb_wrapper\">\n\t<div class=\"wpb_text_column wpb_content_element\" >\n\t\t<div class=\"wpb_wrapper\">\n\t\t\t<p style=\"text-align: center;\"><span style=\"color: #a78f68;\"><strong>ANTI-DISCRIMINATION LAW<\/strong><\/span><\/p>\n<h1 style=\"text-align: center;\"><strong>We have outstanding expertise in anti-discrimination law<\/strong><\/h1>\n\n\t\t<\/div>\n\t<\/div>\n<div class=\"vc_empty_space\"   style=\"height: 20px\"><span class=\"vc_empty_space_inner\"><\/span><\/div><\/div><\/div><\/div><\/div><div class=\"vc_row wpb_row vc_row-fluid vc_custom_1520426050929\"><div class=\"wpb_column vc_column_container vc_col-sm-12\"><div class=\"vc_column-inner\"><div class=\"wpb_wrapper\">\n\t<div class=\"wpb_text_column wpb_content_element\" >\n\t\t<div class=\"wpb_wrapper\">\n\t\t\t<p>Besides <strong>representation before courts or other authorities<\/strong>, we offer <strong>consultations<\/strong> to persons who feel discriminated against regarding possible solutions to their situation and securing evidence.<\/p>\n<p style=\"font-weight: 400;\" class=\" translation-block\">Our clients can <strong>use our comprehensive legal services related to anti-discrimination and the infringement of the principle of equal treatment<\/strong>, whether employers, service or product suppliers, health care providers, social services or education, or persons who feel discriminated against.<\/p>\n<p style=\"font-weight: 400;\" class=\" translation-block\"><strong>We help employers<\/strong> solve a full range of everyday issues and problems, put effective mechanisms in place, and shape a tolerant, inclusive, and fair work environment to prevent discrimination. You can turn to us if you need:<\/p>\n<ul>\n<li class=\" translation-block\"><strong>to draft and revise internal regulations<\/strong> and individual or collective agreements;<\/li>\n<li class=\" translation-block\"><strong>to develop measures and processes<\/strong>  for preventing and eliminating direct or indirect discrimination at various stages and concerning diverse aspects of employment, including recruitment, work conditions, career development, remuneration, or dismissal;<\/li>\n<li class=\" translation-block\">assistance in the development of measures for <strong>preventing and eliminating harassment and sexual harassment, mobbing<\/strong>, or other forms of degrading treatment;<\/li>\n<li class=\" translation-block\">help and support with the development and implementation of <strong>equality, diversity, and inclusion policies;<\/strong><\/li>\n<li class=\" translation-block\">assistance in the <strong>internal investigation of discrimination complaints<\/strong> or other information or alleged infringements of the principle of equal treatment;<\/li>\n<li class=\" translation-block\"><strong>help with conflict or dispute resolution related to discrimination<\/strong> or representation before courts and other authorities;<\/li>\n<li class=\" translation-block\"><strong>training<\/strong> for your managers, HR managers, and other staff members at all levels.<\/li>\n<\/ul>\n<p style=\"font-weight: 400;\" class=\" translation-block\"><strong>Also, a large number of other subjects<\/strong>, such as service and product suppliers, educational institutions, healthcare providers, local government bodies, and professional associations, <strong>benefit<\/strong> from the <strong>support<\/strong> we provide <strong>for the development of internal strategies and processes for securing non-discrimination, equality, and inclusion;<\/strong> further, in the establishment of respective internal rules and procedures, the revision of agreements and other documents, assistance in internal investigations, representation in various proceedings and finally, training on diverse topics.<\/p>\n<p style=\"font-weight: 400;\"><strong>Osob\u00e1m, ktor\u00e9 sa c\u00edtia by\u0165 diskriminovan\u00e9<\/strong>, pon\u00fakame <strong>okrem zastupovania pred s\u00fadmi<\/strong> \u010di in\u00fdmi org\u00e1nmi <strong>aj <\/strong><strong>konzult\u00e1cie<\/strong> k\u00a0mo\u017enostiam rie\u0161enia ich situ\u00e1cie a\u00a0zabezpe\u010deniu d\u00f4kazov.<\/p>\n<p class=\" translation-block\">With respect to the violation of rights to equal treatment and non-discrimination, including harassment prohibition, we have gained valuable experience <strong>supporting children, parents, and schools in preventing bullying.<\/strong><\/p>\n\n\t\t<\/div>\n\t<\/div>\n<\/div><\/div><\/div><\/div><div class=\"vc_row wpb_row vc_row-fluid vc_custom_1520426050929\"><div class=\"wpb_column vc_column_container vc_col-sm-12\"><div class=\"vc_column-inner\"><div class=\"wpb_wrapper\">\n\t<div class=\"wpb_text_column wpb_content_element\" >\n\t\t<div class=\"wpb_wrapper\">\n\t\t\t\n\t\t<\/div>\n\t<\/div>\n<\/div><\/div><\/div><\/div><div class=\"vc_row wpb_row vc_row-fluid vc_custom_1520425644014\"><div class=\"wpb_column vc_column_container vc_col-sm-3\"><div class=\"vc_column-inner vc_custom_1525357701680\"><div class=\"wpb_wrapper\"><div class=\"banner-warpper sluzby\"><div class=\"banner-warpper-inner\"><a href=\"https:\/\/www.krivak.sk\/eng\/sluzby-4\/sporova-agenda\/\" target=\"\" title=\"\"><div class=\"banner-background\" style=\"background-image: url(https:\/\/www.krivak.sk\/wp-content\/uploads\/2018\/02\/3E3E9260.jpg);\"><\/div><div class=\"banner-inner\"><div class=\"banner-content\" style=\"border-color:;height:300px;\"><\/p>\n<h3 style=\"text-align: center;\"><span style=\"color: #ffffff;\">Litigation<br \/>\n<\/span><\/h3>\n<p><\/div><\/div><\/a><\/div><\/div><div class=\"vc_empty_space\"   style=\"height: 32px\"><span class=\"vc_empty_space_inner\"><\/span><\/div><div class=\"banner-warpper sluzby\"><div class=\"banner-warpper-inner\"><a href=\"https:\/\/www.krivak.sk\/eng\/sluzby-4\/antidiskriminacne-pravo-2\/\" target=\"\" title=\"Anti-discrimination Law\"><div class=\"banner-background\" style=\"background-image: url(https:\/\/www.krivak.sk\/wp-content\/uploads\/2024\/02\/antidiskriminacne-pravo.jpg);\"><\/div><div class=\"banner-inner\"><div class=\"banner-content\" style=\"border-color:;height:300px;\"><\/p>\n<h3 style=\"text-align: center;\"><span style=\"color: #ffffff;\">Anti-discrimination Law<\/span><\/h3>\n<p><\/div><\/div><\/a><\/div><\/div><div class=\"vc_empty_space\"   style=\"height: 32px\"><span class=\"vc_empty_space_inner\"><\/span><\/div><div class=\"banner-warpper sluzby\"><div class=\"banner-warpper-inner\"><a href=\"https:\/\/www.krivak.sk\/eng\/sluzby-4\/stavebne-a-pozemkove-pravo-2\/\" target=\"\" title=\"Public Procurement\"><div class=\"banner-background\" style=\"background-image: url(https:\/\/www.krivak.sk\/wp-content\/uploads\/2023\/08\/Stavebne-a-pozemkove-pravo-scaled-e1690874787966.jpg);\"><\/div><div class=\"banner-inner\"><div class=\"banner-content\" style=\"border-color:;height:300px;\"><\/p>\n<h3 style=\"text-align: center;\"><span style=\"color: #ffffff;\">Construction Law and Real Estate Rights<br \/>\n<\/span><\/h3>\n<p><\/div><\/div><\/a><\/div><\/div><\/div><\/div><\/div><div class=\"wpb_column vc_column_container vc_col-sm-3\"><div class=\"vc_column-inner vc_custom_1525357707424\"><div class=\"wpb_wrapper\"><div class=\"banner-warpper sluzby\"><div class=\"banner-warpper-inner\"><a href=\"https:\/\/www.krivak.sk\/eng\/sluzby\/verejne-obstaravanie\/\" target=\"\" title=\"Public Procurement\"><div class=\"banner-background\" style=\"background-image: url(https:\/\/www.krivak.sk\/wp-content\/uploads\/2020\/02\/sluzby.jpg);\"><\/div><div class=\"banner-inner\"><div class=\"banner-content\" style=\"border-color:;height:300px;\"><\/p>\n<h3 style=\"text-align: center;\"><span style=\"color: #ffffff;\">Public Procurement<br \/>\n<\/div><\/div><\/a><\/div><\/div><div class=\"vc_empty_space\"   style=\"height: 32px\"><span class=\"vc_empty_space_inner\"><\/span><\/div><div class=\"banner-warpper sluzby\"><div class=\"banner-warpper-inner\"><a href=\"https:\/\/www.krivak.sk\/eng\/sluzby-4\/pracovne-pravo-2\/\" target=\"\" title=\"Labor Law\"><div class=\"banner-background\" style=\"background-image: url(https:\/\/www.krivak.sk\/wp-content\/uploads\/2024\/02\/pracovne-pravo.jpg);\"><\/div><div class=\"banner-inner\"><div class=\"banner-content\" style=\"border-color:;height:300px;\"><\/span><\/h3>\n<h3 style=\"text-align: center;\"><span style=\"color: #ffffff;\">Labor Law<\/span><\/h3>\n<p><\/div><\/div><\/a><\/div><\/div><div class=\"vc_empty_space\"   style=\"height: 32px\"><span class=\"vc_empty_space_inner\"><\/span><\/div><div class=\"banner-warpper sluzby\"><div class=\"banner-warpper-inner\"><a href=\"https:\/\/www.krivak.sk\/eng\/sluzby-4\/medialne-pravo-2\/\" target=\"\" title=\"Media Law\"><div class=\"banner-background\" style=\"background-image: url(https:\/\/www.krivak.sk\/wp-content\/uploads\/2023\/08\/medialne-pravo.jpg);\"><\/div><div class=\"banner-inner\"><div class=\"banner-content\" style=\"border-color:;height:300px;\"><\/p>\n<h3 style=\"text-align: center;\"><span style=\"color: #ffffff;\">Media Law<br \/>\n<\/span><\/h3>\n<p><\/div><\/div><\/a><\/div><\/div><\/div><\/div><\/div><div class=\"wpb_column vc_column_container vc_col-sm-3\"><div class=\"vc_column-inner vc_custom_1525357707424\"><div class=\"wpb_wrapper\"><div class=\"banner-warpper sluzby\"><div class=\"banner-warpper-inner\"><a href=\"https:\/\/www.krivak.sk\/eng\/sluzby-4\/pravo-obchodnych-spolocnosti\/\" target=\"\" title=\"\"><div class=\"banner-background\" style=\"background-image: url(https:\/\/www.krivak.sk\/wp-content\/uploads\/2018\/02\/3E3E9191.jpg);\"><\/div><div class=\"banner-inner\"><div class=\"banner-content\" style=\"border-color:;height:300px;\"><\/p>\n<h3 style=\"text-align: center;\"><span style=\"color: #ffffff;\">Corporate Law<\/span><\/h3>\n<p><\/div><\/div><\/a><\/div><\/div><div class=\"vc_empty_space\"   style=\"height: 32px\"><span class=\"vc_empty_space_inner\"><\/span><\/div><div class=\"banner-warpper sluzby\"><div class=\"banner-warpper-inner\"><a href=\"https:\/\/www.krivak.sk\/eng\/sluzby-4\/rovnost-v-odmenovani-2\/\" target=\"\" title=\"Equal Pay\"><div class=\"banner-background\" style=\"background-image: url(https:\/\/www.krivak.sk\/wp-content\/uploads\/2024\/02\/rovnost-v-odmenovani-scaled.jpg);\"><\/div><div class=\"banner-inner\"><div class=\"banner-content\" style=\"border-color:;height:300px;\"><\/p>\n<h3 style=\"text-align: center;\"><span style=\"color: #ffffff;\">Equal Pay<\/span><\/h3>\n<p><\/div><\/div><\/a><\/div><\/div><div class=\"vc_empty_space\"   style=\"height: 32px\"><span class=\"vc_empty_space_inner\"><\/span><\/div><div class=\"banner-warpper sluzby\"><div class=\"banner-warpper-inner\"><a href=\"https:\/\/www.krivak.sk\/eng\/sluzby-4\/trestne-pravo\/\" target=\"\" title=\"Criminal Law\"><div class=\"banner-background\" style=\"background-image: url(https:\/\/www.krivak.sk\/wp-content\/uploads\/2023\/08\/Trestne-pravo-scaled-e1690874648228.jpg);\"><\/div><div class=\"banner-inner\"><div class=\"banner-content\" style=\"border-color:;height:300px;\"><\/p>\n<h3 style=\"text-align: center;\"><span style=\"color: #ffffff;\">Criminal Law<br \/>\n<\/span><\/h3>\n<p><\/div><\/div><\/a><\/div><\/div><\/div><\/div><\/div><div class=\"wpb_column vc_column_container vc_col-sm-3\"><div class=\"vc_column-inner\"><div class=\"wpb_wrapper\"><div class=\"banner-warpper sluzby\"><div class=\"banner-warpper-inner\"><a href=\"https:\/\/www.krivak.sk\/eng\/sluzby-4\/bankove-financne-pravo\/\" target=\"\" title=\"Banking and Financial Law\"><div class=\"banner-background\" style=\"background-image: url(https:\/\/www.krivak.sk\/wp-content\/uploads\/2018\/02\/3E3E9233.jpg);\"><\/div><div class=\"banner-inner\"><div class=\"banner-content\" style=\"border-color:;height:300px;\"><\/p>\n<h3 style=\"text-align: center;\"><span style=\"color: #ffffff;\">Banking and Financial Law<br \/>\n<\/span><\/h3>\n<p><\/div><\/div><\/a><\/div><\/div><div class=\"vc_empty_space\"   style=\"height: 32px\"><span class=\"vc_empty_space_inner\"><\/span><\/div><div class=\"banner-warpper sluzby\"><div class=\"banner-warpper-inner\"><a href=\"https:\/\/www.krivak.sk\/eng\/sluzby-4\/zdravotnicke-pravo\/\" target=\"\" title=\"Health Law\"><div class=\"banner-background\" style=\"background-image: url(https:\/\/www.krivak.sk\/wp-content\/uploads\/2024\/02\/zdravotnice-pravo.jpg);\"><\/div><div class=\"banner-inner\"><div class=\"banner-content\" style=\"border-color:;height:300px;\"><\/p>\n<h3 style=\"text-align: center;\"><span style=\"color: #ffffff;\">Health Law<\/span><\/h3>\n<p><\/div><\/div><\/a><\/div><\/div><div class=\"vc_empty_space\"   style=\"height: 32px\"><span class=\"vc_empty_space_inner\"><\/span><\/div><div class=\"banner-warpper sluzby\"><div class=\"banner-warpper-inner\"><a href=\"https:\/\/www.krivak.sk\/eng\/sluzby-4\/sportove-pravo-2\/\" target=\"\" title=\"Sports Law\"><div class=\"banner-background\" style=\"background-image: url(https:\/\/www.krivak.sk\/wp-content\/uploads\/2023\/08\/sportove-pravo.jpg);\"><\/div><div class=\"banner-inner\"><div class=\"banner-content\" style=\"border-color:;height:300px;\"><\/p>\n<h3 style=\"text-align: center;\"><span style=\"color: #ffffff;\">Sports Law<\/span><\/h3>\n<p><\/div><\/div><\/a><\/div><\/div><\/div><\/div><\/div><\/div>\n<\/section>","protected":false},"excerpt":{"rendered":"Krivak &amp; Co Antidiskrimina\u010dn\u00e9 pr\u00e1vo ANTIDISKRIMINA\u010cN\u00c9 PR\u00c1VO V\u00a0oblasti antidiskrimina\u010dn\u00e9ho pr\u00e1va m\u00e1me h\u013abkov\u00fa expert\u00edzu Okrem antidiskrimina\u010dn\u00e9ho z\u00e1kona a s\u00favisiacich vn\u00fatro\u0161t\u00e1tnych predpisov sa v\u00fdborne orientujeme aj v antidiskrimina\u010dn\u00fdch smerniciach E\u00da a medzin\u00e1rodnom pr\u00e1ve. Klientom a\u00a0klientkam vieme poskytn\u00fa\u0165 komplexn\u00fd pr\u00e1vny servis v\u00a0oblasti z\u00e1kazu diskrimin\u00e1cie a\u00a0in\u00fdch poru\u0161en\u00ed z\u00e1sady rovnak\u00e9ho zaobch\u00e1dzania, a\u00a0to bez oh\u013eadu na&hellip;","protected":false},"author":32,"featured_media":0,"parent":32017,"menu_order":0,"comment_status":"closed","ping_status":"closed","template":"","meta":[],"acf":[],"aioseo_notices":[],"_links":{"self":[{"href":"https:\/\/www.krivak.sk\/eng\/wp-json\/wp\/v2\/pages\/37548"}],"collection":[{"href":"https:\/\/www.krivak.sk\/eng\/wp-json\/wp\/v2\/pages"}],"about":[{"href":"https:\/\/www.krivak.sk\/eng\/wp-json\/wp\/v2\/types\/page"}],"author":[{"embeddable":true,"href":"https:\/\/www.krivak.sk\/eng\/wp-json\/wp\/v2\/users\/32"}],"replies":[{"embeddable":true,"href":"https:\/\/www.krivak.sk\/eng\/wp-json\/wp\/v2\/comments?post=37548"}],"version-history":[{"count":8,"href":"https:\/\/www.krivak.sk\/eng\/wp-json\/wp\/v2\/pages\/37548\/revisions"}],"predecessor-version":[{"id":37589,"href":"https:\/\/www.krivak.sk\/eng\/wp-json\/wp\/v2\/pages\/37548\/revisions\/37589"}],"up":[{"embeddable":true,"href":"https:\/\/www.krivak.sk\/eng\/wp-json\/wp\/v2\/pages\/32017"}],"wp:attachment":[{"href":"https:\/\/www.krivak.sk\/eng\/wp-json\/wp\/v2\/media?parent=37548"}],"curies":[{"name":"wp","href":"https:\/\/api.w.org\/{rel}","templated":true}]}}