{"id":37362,"date":"2023-09-04T09:17:11","date_gmt":"2023-09-04T07:17:11","guid":{"rendered":"https:\/\/www.krivak.sk\/registration\/"},"modified":"2023-09-04T09:17:12","modified_gmt":"2023-09-04T07:17:12","slug":"registration","status":"publish","type":"page","link":"https:\/\/www.krivak.sk\/eng\/registration\/","title":{"rendered":"Registration"},"content":{"rendered":"<div class=\"piereg_container pieregWrapper\"><div class=\"pieregformWrapper pieregWrapper\"><div id=\"show_pie_register_error_js\" class=\"piereg_entry-content\"><\/div><div id=\"pie_register_reg_form\"><form enctype=\"multipart\/form-data\" class=\"pie_register_reg_form\" id=\"pie_regiser_form\" method=\"post\" action=\"\/eng\/wp-json\/wp\/v2\/pages\/37362\" data-form=\"1\" data-trp-original-action=\"\/eng\/wp-json\/wp\/v2\/pages\/37362\"><input type=\"hidden\" id=\"piereg_registration_form_nonce\" name=\"piereg_registration_form_nonce\" value=\"12027bf7b5\" \/><input type=\"hidden\" name=\"_wp_http_referer\" value=\"\/eng\/wp-json\/wp\/v2\/pages\/37362\" \/><div class=\"fieldset\"><p id=\"piereg_pie_form_desc\" ><\/p><\/div><ul id=\"pie_register\"><input type=\"hidden\" value=\"1\" name=\"form_id\" \/><li class=\"fields   pageFields_1 piereg_li_3\" ><div class=\"fieldset\"><label>Meno&nbsp;<span class=\"piereg_field_required_label\">*<\/span><\/label><input  value=\"\" placeholder=\"\" data-field_id=\"piereg_field_3\" id=\"name_3_firstname\" name=\"first_name\" class=\"input_fields  piereg_validate[required,custom[alphabetic]] input_fields piereg_name_input_field\"   type=\"text\"  \/><\/div><div class=\"fieldset\"><label>Priezvisko&nbsp;<span class=\"piereg_field_required_label\">*<\/span><\/label><input  value=\"\" placeholder=\"\" id=\"name_3_lastname\" name=\"last_name\" class=\"input_fields  piereg_validate[required,custom[alphabetic]] input_fields piereg_name_input_field\"   type=\"text\"  \/><\/div><\/li><li class=\"fields   pageFields_1 piereg_li_0\" ><div class=\"fieldset\"><label class=\"\" for=\"username_0\">Pou\u017e\u00edvate\u013esk\u00e9 meno&nbsp;<span class=\"piereg_field_required_label\">*<\/span><\/label><input id=\"username\" name=\"username\" data-field_id=\"piereg_field_0\" class=\"input_fields  piereg_validate[required,username] piereg_username_input_field\" placeholder=\"\" type=\"text\" value=\"\" data-errormessage-value-missing=\"\"  \/><\/div><\/li><li class=\"fields   pageFields_1 piereg_li_1\" ><div class=\"fieldset\"><label class=\"\" for=\"email_1\">Email&nbsp;<span class=\"piereg_field_required_label\">*<\/span><\/label><input  id=\"email_1\" name=\"e_mail\" data-field_id=\"piereg_field_1\" class=\"input_fields  piereg_validate[required,custom[email]]\" data-errormessage-custom-error=\"\" placeholder=\"\" type=\"text\" value=\"\" \/><\/div><\/li><li class=\"fields   pageFields_1 piereg_li_4\" ><div class=\"fieldset\"><label class=\"\" for=\"text_4\">\u0160kola<\/label><input  id=\"text_4\" name=\"text_4\" data-field_id=\"piereg_field_4\" class=\"input_fields\"   placeholder=\"\" type=\"text\" value=\"\" \/><\/div><\/li><li class=\"fields   pageFields_1 piereg_li_5\" ><div class=\"fieldset\"><label class=\"\" for=\"text_5\">Fakulta<\/label><input  id=\"text_5\" name=\"text_5\" data-field_id=\"piereg_field_5\" class=\"input_fields\"   placeholder=\"\" type=\"text\" value=\"\" \/><\/div><\/li><li class=\"fields   pageFields_1 piereg_li_2\" ><div class=\"fieldset\"><label class=\"\" for=\"password_2\">Heslo&nbsp;<span class=\"piereg_field_required_label\">*<\/span><\/label><input id=\"password_2\" name=\"password\" data-field_id=\"piereg_field_2\" class=\"input_fields  piereg_validate[minSize[8],required] prPass1\" placeholder=\"\" type=\"password\" data-errormessage-value-missing=\"\" data-errormessage-range-underflow=\"\" data-errormessage-range-overflow=\"\" autocomplete=\"off\" ><span class=\"show-hide-password-innerbtn pass-eye-reg pass-eye-reg_left_label_no_desc  eye\"><\/span><\/div><div class=\"fieldset\"><label>Potvrdenie hesla&nbsp;<span class=\"piereg_field_required_label\">*<\/span><\/label><input id=\"confirm_password_password_2\" type=\"password\" data-errormessage-value-missing=\"\" data-errormessage-range-underflow=\"\" data-errormessage-range-overflow=\"\" class=\"input_fields  piereg_validate[minSize[8],required,equals[password_2]]  prPass2\" placeholder=\"\" autocomplete=\"off\" \/><span class=\"show-hide-password-innerbtn confirm-pass-eye-reg_left_label_no_desc eye\"><\/span><input class=\"prMinimumPasswordStrengthlength\" type=\"hidden\" id=\"password_strength_meter_1\" data-id=\"1\" value=\"3\" \/><span class=\"prMinimumPasswordStrengthMessage\" id=\"password_strength_message_1\" style=\"display:none;\">Slab\u00e9 heslo<\/span><\/li><li class=\"fields pageFields_1  piereg_li_2\"><div id=\"password_meter\" class=\"fieldset\"><label style=\"visibility: hidden;\">Password not entered<\/label><div id=\"piereg_passwordStrength\" class=\"piereg_pass prPasswordStrengthMeter\" >Indik\u00e1tor sily hesla<\/div><\/div><\/li><li class=\"fields   pageFields_1 piereg_li_\" ><div class=\"fieldset\"><div class=\"pie_wrap_buttons\"><input name=\"pie_submit\" class=\"pie_submit\" type=\"submit\" value=\"Registrova\u0165\" \/><\/div><\/div><\/li><\/ul><input type=\"hidden\" name=\"trp-form-language\" value=\"eng\"\/><\/form><\/div><\/div><\/div>","protected":false},"excerpt":{"rendered":"Meno&nbsp;*Priezvisko&nbsp;*Pou\u017e\u00edvate\u013esk\u00e9 meno&nbsp;*Email&nbsp;*\u0160kolaFakultaHeslo&nbsp;*Potvrdenie hesla&nbsp;*Slab\u00e9 hesloPassword not enteredIndik\u00e1tor sily hesla","protected":false},"author":32,"featured_media":0,"parent":0,"menu_order":0,"comment_status":"closed","ping_status":"closed","template":"","meta":[],"acf":[],"aioseo_notices":[],"_links":{"self":[{"href":"https:\/\/www.krivak.sk\/eng\/wp-json\/wp\/v2\/pages\/37362"}],"collection":[{"href":"https:\/\/www.krivak.sk\/eng\/wp-json\/wp\/v2\/pages"}],"about":[{"href":"https:\/\/www.krivak.sk\/eng\/wp-json\/wp\/v2\/types\/page"}],"author":[{"embeddable":true,"href":"https:\/\/www.krivak.sk\/eng\/wp-json\/wp\/v2\/users\/32"}],"replies":[{"embeddable":true,"href":"https:\/\/www.krivak.sk\/eng\/wp-json\/wp\/v2\/comments?post=37362"}],"version-history":[{"count":1,"href":"https:\/\/www.krivak.sk\/eng\/wp-json\/wp\/v2\/pages\/37362\/revisions"}],"predecessor-version":[{"id":37365,"href":"https:\/\/www.krivak.sk\/eng\/wp-json\/wp\/v2\/pages\/37362\/revisions\/37365"}],"wp:attachment":[{"href":"https:\/\/www.krivak.sk\/eng\/wp-json\/wp\/v2\/media?parent=37362"}],"curies":[{"name":"wp","href":"https:\/\/api.w.org\/{rel}","templated":true}]}}