{"id":37333,"date":"2023-08-18T19:51:07","date_gmt":"2023-08-18T17:51:07","guid":{"rendered":"https:\/\/www.krivak.sk\/?page_id=37333"},"modified":"2024-02-12T18:09:35","modified_gmt":"2024-02-12T17:09:35","slug":"medialne-pravo-2","status":"publish","type":"page","link":"https:\/\/www.krivak.sk\/eng\/sluzby-4\/medialne-pravo-2\/","title":{"rendered":"Media Law"},"content":{"rendered":"<section class=\"wpb-content-wrapper\"><div id=\"headerpoyadie\" data-vc-full-width=\"true\" data-vc-full-width-init=\"false\" data-vc-stretch-content=\"true\" class=\"vc_row wpb_row vc_row-fluid vc_custom_1692381288331 vc_row-has-fill vc_row-no-padding vc_row-o-full-height vc_row-o-content-bottom vc_row-flex\"><div class=\"wpb_column vc_column_container vc_col-sm-12\"><div class=\"vc_column-inner\"><div class=\"wpb_wrapper\">\n\t<div class=\"wpb_text_column wpb_content_element\" id=\"boxvheaderpozadi-zalozky2\">\n\t\t<div class=\"wpb_wrapper\">\n\t\t\t<h4>Krivak &amp; Co<\/h4>\n<h1 class=\"fancy-title entry-title\"><b>Media Law<\/b><\/h1>\n<p class=\"fancy-subtitle entry-title\"><img decoding=\"async\" loading=\"lazy\" class=\"alignleft size-full wp-image-32210\" src=\"http:\/\/www.krivak.sk\/wp-content\/uploads\/revslider\/dejure-home\/line.png\" alt=\"\" width=\"199\" height=\"11\" \/><\/p>\n\n\t\t<\/div>\n\t<\/div>\n<\/div><\/div><\/div><\/div><div class=\"vc_row-full-width\"><\/div><div class=\"vc_row wpb_row vc_row-fluid vc_custom_1521542701771\"><div class=\"wpb_column vc_column_container vc_col-sm-12\"><div class=\"vc_column-inner\"><div class=\"wpb_wrapper\">\n\t<div class=\"wpb_text_column wpb_content_element\" >\n\t\t<div class=\"wpb_wrapper\">\n\t\t\t<p style=\"text-align: center;\"><span style=\"color: #a78f68;\"><strong>MEDIA LAW<\/strong><\/span><\/p>\n<h1 style=\"text-align: center;\"><b>Media Law<\/b><\/h1>\n\n\t\t<\/div>\n\t<\/div>\n<\/div><\/div><\/div><\/div><div class=\"vc_row wpb_row vc_row-fluid vc_custom_1582883989462\"><div class=\"wpb_column vc_column_container vc_col-sm-12\"><div class=\"vc_column-inner\"><div class=\"wpb_wrapper\">\n\t<div class=\"wpb_text_column wpb_content_element\" >\n\t\t<div class=\"wpb_wrapper\">\n\t\t\t<p class=\" translation-block\">In the field of media law, we offer our clients counseling on the conclusion of agreements and the regulation of relationships <strong>between authors, publishers, and media operators.<\/strong><\/p>\n<p style=\"font-weight: 400;\">We are highly experienced at concluding license and copyright agreements and regulating relationships between the media and service providers. We also represent our clients in proceedings concerning protecting the good reputation of legal entities.<\/p>\n<p style=\"font-weight: 400;\" class=\" translation-block\"><strong>You can also entrust us with representation before collective rights managers (LITA, SOZA, SLOVGRAM, OZIS, SAPA, etc.) and rely on our legal support in the areas of regulating advertising, television, and radio broadcasting.<\/strong><\/p>\n<p><span style=\"font-weight: 400;\">Our lawyers offer legal advice on all regulatory and licensing aspects of current media legislation.<\/span><\/p>\n\n\t\t<\/div>\n\t<\/div>\n<\/div><\/div><\/div><\/div><div class=\"vc_row wpb_row vc_row-fluid vc_custom_1520426050929\"><div class=\"wpb_column vc_column_container vc_col-sm-12\"><div class=\"vc_column-inner\"><div class=\"wpb_wrapper\">\n\t<div class=\"wpb_text_column wpb_content_element\" >\n\t\t<div class=\"wpb_wrapper\">\n\t\t\t\n\t\t<\/div>\n\t<\/div>\n<\/div><\/div><\/div><\/div><div class=\"vc_row wpb_row vc_row-fluid vc_custom_1520425644014\"><div class=\"wpb_column vc_column_container vc_col-sm-3\"><div class=\"vc_column-inner vc_custom_1525357701680\"><div class=\"wpb_wrapper\"><div class=\"banner-warpper sluzby\"><div class=\"banner-warpper-inner\"><a href=\"https:\/\/www.krivak.sk\/eng\/sluzby-4\/sporova-agenda\/\" target=\"\" title=\"\"><div class=\"banner-background\" style=\"background-image: url(https:\/\/www.krivak.sk\/wp-content\/uploads\/2018\/02\/3E3E9260.jpg);\"><\/div><div class=\"banner-inner\"><div class=\"banner-content\" style=\"border-color:;height:300px;\"><\/p>\n<h3 style=\"text-align: center;\"><span style=\"color: #ffffff;\">Litigation<br \/>\n<\/span><\/h3>\n<p><\/div><\/div><\/a><\/div><\/div><div class=\"vc_empty_space\"   style=\"height: 32px\"><span class=\"vc_empty_space_inner\"><\/span><\/div><div class=\"banner-warpper sluzby\"><div class=\"banner-warpper-inner\"><a href=\"https:\/\/www.krivak.sk\/eng\/sluzby-4\/antidiskriminacne-pravo-2\/\" target=\"\" title=\"Anti-discrimination Law\"><div class=\"banner-background\" style=\"background-image: url(https:\/\/www.krivak.sk\/wp-content\/uploads\/2024\/02\/antidiskriminacne-pravo.jpg);\"><\/div><div class=\"banner-inner\"><div class=\"banner-content\" style=\"border-color:;height:300px;\"><\/p>\n<h3 style=\"text-align: center;\"><span style=\"color: #ffffff;\">Anti-discrimination Law<\/span><\/h3>\n<p><\/div><\/div><\/a><\/div><\/div><div class=\"vc_empty_space\"   style=\"height: 32px\"><span class=\"vc_empty_space_inner\"><\/span><\/div><div class=\"banner-warpper sluzby\"><div class=\"banner-warpper-inner\"><a href=\"https:\/\/www.krivak.sk\/eng\/sluzby-4\/stavebne-a-pozemkove-pravo-2\/\" target=\"\" title=\"Public Procurement\"><div class=\"banner-background\" style=\"background-image: url(https:\/\/www.krivak.sk\/wp-content\/uploads\/2023\/08\/Stavebne-a-pozemkove-pravo-scaled-e1690874787966.jpg);\"><\/div><div class=\"banner-inner\"><div class=\"banner-content\" style=\"border-color:;height:300px;\"><\/p>\n<h3 style=\"text-align: center;\"><span style=\"color: #ffffff;\">Construction Law and Real Estate Rights<br \/>\n<\/span><\/h3>\n<p><\/div><\/div><\/a><\/div><\/div><\/div><\/div><\/div><div class=\"wpb_column vc_column_container vc_col-sm-3\"><div class=\"vc_column-inner vc_custom_1525357707424\"><div class=\"wpb_wrapper\"><div class=\"banner-warpper sluzby\"><div class=\"banner-warpper-inner\"><a href=\"https:\/\/www.krivak.sk\/eng\/sluzby\/verejne-obstaravanie\/\" target=\"\" title=\"Public Procurement\"><div class=\"banner-background\" style=\"background-image: url(https:\/\/www.krivak.sk\/wp-content\/uploads\/2020\/02\/sluzby.jpg);\"><\/div><div class=\"banner-inner\"><div class=\"banner-content\" style=\"border-color:;height:300px;\"><\/p>\n<h3 style=\"text-align: center;\"><span style=\"color: #ffffff;\">Public Procurement<br \/>\n<\/div><\/div><\/a><\/div><\/div><div class=\"vc_empty_space\"   style=\"height: 32px\"><span class=\"vc_empty_space_inner\"><\/span><\/div><div class=\"banner-warpper sluzby\"><div class=\"banner-warpper-inner\"><a href=\"https:\/\/www.krivak.sk\/eng\/sluzby-4\/pracovne-pravo-2\/\" target=\"\" title=\"Labor Law\"><div class=\"banner-background\" style=\"background-image: url(https:\/\/www.krivak.sk\/wp-content\/uploads\/2024\/02\/pracovne-pravo.jpg);\"><\/div><div class=\"banner-inner\"><div class=\"banner-content\" style=\"border-color:;height:300px;\"><\/span><\/h3>\n<h3 style=\"text-align: center;\"><span style=\"color: #ffffff;\">Labor Law<\/span><\/h3>\n<p><\/div><\/div><\/a><\/div><\/div><div class=\"vc_empty_space\"   style=\"height: 32px\"><span class=\"vc_empty_space_inner\"><\/span><\/div><div class=\"banner-warpper sluzby\"><div class=\"banner-warpper-inner\"><a href=\"https:\/\/www.krivak.sk\/eng\/sluzby-4\/medialne-pravo-2\/\" target=\"\" title=\"Media Law\"><div class=\"banner-background\" style=\"background-image: url(https:\/\/www.krivak.sk\/wp-content\/uploads\/2023\/08\/medialne-pravo.jpg);\"><\/div><div class=\"banner-inner\"><div class=\"banner-content\" style=\"border-color:;height:300px;\"><\/p>\n<h3 style=\"text-align: center;\"><span style=\"color: #ffffff;\">Media Law<br \/>\n<\/span><\/h3>\n<p><\/div><\/div><\/a><\/div><\/div><\/div><\/div><\/div><div class=\"wpb_column vc_column_container vc_col-sm-3\"><div class=\"vc_column-inner vc_custom_1525357707424\"><div class=\"wpb_wrapper\"><div class=\"banner-warpper sluzby\"><div class=\"banner-warpper-inner\"><a href=\"https:\/\/www.krivak.sk\/eng\/sluzby-4\/pravo-obchodnych-spolocnosti\/\" target=\"\" title=\"\"><div class=\"banner-background\" style=\"background-image: url(https:\/\/www.krivak.sk\/wp-content\/uploads\/2018\/02\/3E3E9191.jpg);\"><\/div><div class=\"banner-inner\"><div class=\"banner-content\" style=\"border-color:;height:300px;\"><\/p>\n<h3 style=\"text-align: center;\"><span style=\"color: #ffffff;\">Corporate Law<\/span><\/h3>\n<p><\/div><\/div><\/a><\/div><\/div><div class=\"vc_empty_space\"   style=\"height: 32px\"><span class=\"vc_empty_space_inner\"><\/span><\/div><div class=\"banner-warpper sluzby\"><div class=\"banner-warpper-inner\"><a href=\"https:\/\/www.krivak.sk\/eng\/sluzby-4\/rovnost-v-odmenovani-2\/\" target=\"\" title=\"Equal Pay\"><div class=\"banner-background\" style=\"background-image: url(https:\/\/www.krivak.sk\/wp-content\/uploads\/2024\/02\/rovnost-v-odmenovani-scaled.jpg);\"><\/div><div class=\"banner-inner\"><div class=\"banner-content\" style=\"border-color:;height:300px;\"><\/p>\n<h3 style=\"text-align: center;\"><span style=\"color: #ffffff;\">Equal Pay<\/span><\/h3>\n<p><\/div><\/div><\/a><\/div><\/div><div class=\"vc_empty_space\"   style=\"height: 32px\"><span class=\"vc_empty_space_inner\"><\/span><\/div><div class=\"banner-warpper sluzby\"><div class=\"banner-warpper-inner\"><a href=\"https:\/\/www.krivak.sk\/eng\/sluzby-4\/trestne-pravo\/\" target=\"\" title=\"Criminal Law\"><div class=\"banner-background\" style=\"background-image: url(https:\/\/www.krivak.sk\/wp-content\/uploads\/2023\/08\/Trestne-pravo-scaled-e1690874648228.jpg);\"><\/div><div class=\"banner-inner\"><div class=\"banner-content\" style=\"border-color:;height:300px;\"><\/p>\n<h3 style=\"text-align: center;\"><span style=\"color: #ffffff;\">Criminal Law<br \/>\n<\/span><\/h3>\n<p><\/div><\/div><\/a><\/div><\/div><\/div><\/div><\/div><div class=\"wpb_column vc_column_container vc_col-sm-3\"><div class=\"vc_column-inner\"><div class=\"wpb_wrapper\"><div class=\"banner-warpper sluzby\"><div class=\"banner-warpper-inner\"><a href=\"https:\/\/www.krivak.sk\/eng\/sluzby-4\/bankove-financne-pravo\/\" target=\"\" title=\"Banking and Financial Law\"><div class=\"banner-background\" style=\"background-image: url(https:\/\/www.krivak.sk\/wp-content\/uploads\/2018\/02\/3E3E9233.jpg);\"><\/div><div class=\"banner-inner\"><div class=\"banner-content\" style=\"border-color:;height:300px;\"><\/p>\n<h3 style=\"text-align: center;\"><span style=\"color: #ffffff;\">Banking and Financial Law<br \/>\n<\/span><\/h3>\n<p><\/div><\/div><\/a><\/div><\/div><div class=\"vc_empty_space\"   style=\"height: 32px\"><span class=\"vc_empty_space_inner\"><\/span><\/div><div class=\"banner-warpper sluzby\"><div class=\"banner-warpper-inner\"><a href=\"https:\/\/www.krivak.sk\/eng\/sluzby-4\/zdravotnicke-pravo\/\" target=\"\" title=\"Health Law\"><div class=\"banner-background\" style=\"background-image: url(https:\/\/www.krivak.sk\/wp-content\/uploads\/2024\/02\/zdravotnice-pravo.jpg);\"><\/div><div class=\"banner-inner\"><div class=\"banner-content\" style=\"border-color:;height:300px;\"><\/p>\n<h3 style=\"text-align: center;\"><span style=\"color: #ffffff;\">Health Law<\/span><\/h3>\n<p><\/div><\/div><\/a><\/div><\/div><div class=\"vc_empty_space\"   style=\"height: 32px\"><span class=\"vc_empty_space_inner\"><\/span><\/div><div class=\"banner-warpper sluzby\"><div class=\"banner-warpper-inner\"><a href=\"https:\/\/www.krivak.sk\/eng\/sluzby-4\/sportove-pravo-2\/\" target=\"\" title=\"Sports Law\"><div class=\"banner-background\" style=\"background-image: url(https:\/\/www.krivak.sk\/wp-content\/uploads\/2023\/08\/sportove-pravo.jpg);\"><\/div><div class=\"banner-inner\"><div class=\"banner-content\" style=\"border-color:;height:300px;\"><\/p>\n<h3 style=\"text-align: center;\"><span style=\"color: #ffffff;\">Sports Law<\/span><\/h3>\n<p><\/div><\/div><\/a><\/div><\/div><\/div><\/div><\/div><\/div>\n<\/section>","protected":false},"excerpt":{"rendered":"Krivak &amp; Co Medi\u00e1lne pr\u00e1vo MEDI\u00c1LNE PR\u00c1VO Medi\u00e1lne pr\u00e1vo V oblasti medi\u00e1lneho pr\u00e1va poskytujeme klientom a\u00a0klientkam poradenstvo v oblastiach ako napr\u00edklad uzatv\u00e1ranie zml\u00fav a rie\u0161enie vz\u0165ahov medzi autormi a vydavate\u013emi \u010di prev\u00e1dzkovate\u013emi m\u00e9di\u00ed. M\u00e1me sk\u00fasenosti s uzatv\u00e1ran\u00edm licen\u010dn\u00fdch a autorsk\u00fdch zml\u00fav a rie\u0161en\u00edm vz\u0165ahov medzi m\u00e9diami a poskytovate\u013emi s\u00favisiacich slu\u017eieb.&hellip;","protected":false},"author":32,"featured_media":0,"parent":32017,"menu_order":0,"comment_status":"closed","ping_status":"closed","template":"","meta":[],"acf":[],"aioseo_notices":[],"_links":{"self":[{"href":"https:\/\/www.krivak.sk\/eng\/wp-json\/wp\/v2\/pages\/37333"}],"collection":[{"href":"https:\/\/www.krivak.sk\/eng\/wp-json\/wp\/v2\/pages"}],"about":[{"href":"https:\/\/www.krivak.sk\/eng\/wp-json\/wp\/v2\/types\/page"}],"author":[{"embeddable":true,"href":"https:\/\/www.krivak.sk\/eng\/wp-json\/wp\/v2\/users\/32"}],"replies":[{"embeddable":true,"href":"https:\/\/www.krivak.sk\/eng\/wp-json\/wp\/v2\/comments?post=37333"}],"version-history":[{"count":5,"href":"https:\/\/www.krivak.sk\/eng\/wp-json\/wp\/v2\/pages\/37333\/revisions"}],"predecessor-version":[{"id":37594,"href":"https:\/\/www.krivak.sk\/eng\/wp-json\/wp\/v2\/pages\/37333\/revisions\/37594"}],"up":[{"embeddable":true,"href":"https:\/\/www.krivak.sk\/eng\/wp-json\/wp\/v2\/pages\/32017"}],"wp:attachment":[{"href":"https:\/\/www.krivak.sk\/eng\/wp-json\/wp\/v2\/media?parent=37333"}],"curies":[{"name":"wp","href":"https:\/\/api.w.org\/{rel}","templated":true}]}}