{"id":37180,"date":"2023-06-26T16:52:47","date_gmt":"2023-06-26T14:52:47","guid":{"rendered":"https:\/\/www.krivak.sk\/?page_id=37180"},"modified":"2023-07-06T12:48:16","modified_gmt":"2023-07-06T10:48:16","slug":"stefan-uram","status":"publish","type":"page","link":"https:\/\/www.krivak.sk\/eng\/nas-tim\/stefan-uram\/","title":{"rendered":"\u0160tefan Uram"},"content":{"rendered":"<section class=\"wpb-content-wrapper\"><div id=\"headerpoyadie\" data-vc-full-width=\"true\" data-vc-full-width-init=\"false\" data-vc-stretch-content=\"true\" class=\"vc_row wpb_row vc_row-fluid vc_custom_1687791151143 vc_row-has-fill vc_row-no-padding vc_row-o-full-height vc_row-o-content-bottom vc_row-flex\"><div class=\"wpb_column vc_column_container vc_col-sm-12\"><div class=\"vc_column-inner\"><div class=\"wpb_wrapper\">\n\t<div class=\"wpb_text_column wpb_content_element\" id=\"boxvheaderpozadi-zalozky3\">\n\t\t<div class=\"wpb_wrapper\">\n\t\t\t<h4>Krivak &amp; Co<\/h4>\n<h1 class=\"fancy-title entry-title\">\u0160tefan Uram<\/h1>\n<p class=\"fancy-subtitle entry-title\"><img decoding=\"async\" loading=\"lazy\" class=\"alignleft size-full wp-image-32210\" src=\"http:\/\/www.krivak.sk\/wp-content\/uploads\/revslider\/dejure-home\/line.png\" alt=\"\" width=\"199\" height=\"11\" \/><\/p>\n\n\t\t<\/div>\n\t<\/div>\n<\/div><\/div><\/div><\/div><div class=\"vc_row-full-width\"><\/div><div class=\"vc_row wpb_row vc_row-fluid vc_custom_1520425917345\"><div class=\"wpb_column vc_column_container vc_col-sm-12\"><div class=\"vc_column-inner\"><div class=\"wpb_wrapper\">\n\t<div class=\"wpb_text_column wpb_content_element\" >\n\t\t<div class=\"wpb_wrapper\">\n\t\t\t<p><span style=\"color: #a78f68;\"><strong>COLLABORATING LAWYER WITH RICH EXPERIENCE AND RESULTS IN SIGNIFICANT DISPUTES<\/strong><\/span><\/p>\n\n\t\t<\/div>\n\t<\/div>\n\n\t<div class=\"wpb_text_column wpb_content_element\" >\n\t\t<div class=\"wpb_wrapper\">\n\t\t\t<p style=\"text-align: left;\" class=\" translation-block\">I completed my studies at the Law Faculty of Comenius University in Bratislava. My background includes substantial finance, public procurement, construction, and real estate expertise. Within these domains, I've been involved in crafting regulations and have effectively managed consequential legal proceedings. My approach to work is deeply rooted in the intention and significance of legislation, with a strong emphasis on upholding principles and values.<\/p>\n<p style=\"text-align: left;\"><span style=\"color: #414141;\">As a legal practitioner, I have been a part of Krivak &amp; Co. law firm since 2022.<\/span><\/p>\n\n\t\t<\/div>\n\t<\/div>\n<div class=\"vc_empty_space\"   style=\"height: 30px\"><span class=\"vc_empty_space_inner\"><\/span><\/div>\n\t<div class=\"wpb_text_column wpb_content_element\" >\n\t\t<div class=\"wpb_wrapper\">\n\t\t\t<p><span style=\"color: #a78f68;\"><strong>SPECIALIZATION<\/strong><\/span><\/p>\n<p>Financial law, public procurement, construction and land law, litigation<\/p>\n\n\t\t<\/div>\n\t<\/div>\n<div class=\"vc_empty_space\"   style=\"height: 5px\"><span class=\"vc_empty_space_inner\"><\/span><\/div><div class=\"vc_separator wpb_content_element vc_separator_align_center vc_sep_width_100 vc_sep_pos_align_center vc_separator_no_text\" ><span class=\"vc_sep_holder vc_sep_holder_l\"><span style=\"border-color:#e5e5e5;\" class=\"vc_sep_line\"><\/span><\/span><span class=\"vc_sep_holder vc_sep_holder_r\"><span style=\"border-color:#e5e5e5;\" class=\"vc_sep_line\"><\/span><\/span>\n<\/div>\n\t<div class=\"wpb_text_column wpb_content_element\" >\n\t\t<div class=\"wpb_wrapper\">\n\t\t\t<p><span style=\"color: #a78f68;\"><strong>CONTACT<\/strong><\/span><\/p>\n\n\t\t<\/div>\n\t<\/div>\n<div id=\"dolucotoje\" class=\"vc_row wpb_row vc_inner vc_row-fluid\"><div class=\"wpb_column vc_column_container vc_col-sm-6\" id=\"krivakdolu\"><div class=\"vc_column-inner\"><div class=\"wpb_wrapper\"><ul class=\"df-share-shortcode df-social-connect big-social left\"><li><a class=\"mail-to\" style=\"color:#666666\" href=\"mailto:paluskova@krivak.sk?subject=https:\/\/www.krivak.sk\/eng\/nas-tim\/stefan-uram\/\" target=\"_top\"><i class=\"fa-envelope-o fa\"><\/i><i class=\"fa-envelope-o fa\"><\/i><\/a><\/li><\/ul><div class=\"clear\"><\/div>\n\t<div class=\"wpb_text_column wpb_content_element\" >\n\t\t<div class=\"wpb_wrapper\">\n\t\t\t<p><a href=\"mailto:advokat@uram.sk\">advokat@uram.sk<\/a><\/p>\n\n\t\t<\/div>\n\t<\/div>\n<\/div><\/div><\/div><div class=\"wpb_column vc_column_container vc_col-sm-6\"><div class=\"vc_column-inner\"><div class=\"wpb_wrapper\"><\/div><\/div><\/div><\/div><\/div><\/div><\/div><\/div>\n<\/section>","protected":false},"excerpt":{"rendered":"Krivak &amp; Co \u0160tefan Uram SPOLUPRACUJ\u00daCI ADVOK\u00c1T S BOHATOU PRAXOU A V\u00ddSLEDKAMI VO V\u00ddZNAMN\u00ddCH SPOROCH Vy\u0161tudoval som Pr\u00e1vnick\u00fa fakultu Univerzity Komensk\u00e9ho v Bratislave.\u00a0 M\u00e1m bohat\u00fa prax v oblasti finan\u010dn\u00edctva, verejn\u00e9ho obstar\u00e1vania, stavebn\u00edctva a nehnute\u013enost\u00ed.\u00a0V uveden\u00fdch oblastiach som, okrem in\u00e9ho, pracoval aj na tvorbe predpisov, a \u00faspe\u0161ne viedol v\u00fdznamn\u00e9 s\u00fadne spory.\u00a0Pri&hellip;","protected":false},"author":32,"featured_media":0,"parent":32015,"menu_order":0,"comment_status":"closed","ping_status":"closed","template":"","meta":[],"acf":[],"aioseo_notices":[],"_links":{"self":[{"href":"https:\/\/www.krivak.sk\/eng\/wp-json\/wp\/v2\/pages\/37180"}],"collection":[{"href":"https:\/\/www.krivak.sk\/eng\/wp-json\/wp\/v2\/pages"}],"about":[{"href":"https:\/\/www.krivak.sk\/eng\/wp-json\/wp\/v2\/types\/page"}],"author":[{"embeddable":true,"href":"https:\/\/www.krivak.sk\/eng\/wp-json\/wp\/v2\/users\/32"}],"replies":[{"embeddable":true,"href":"https:\/\/www.krivak.sk\/eng\/wp-json\/wp\/v2\/comments?post=37180"}],"version-history":[{"count":8,"href":"https:\/\/www.krivak.sk\/eng\/wp-json\/wp\/v2\/pages\/37180\/revisions"}],"predecessor-version":[{"id":37236,"href":"https:\/\/www.krivak.sk\/eng\/wp-json\/wp\/v2\/pages\/37180\/revisions\/37236"}],"up":[{"embeddable":true,"href":"https:\/\/www.krivak.sk\/eng\/wp-json\/wp\/v2\/pages\/32015"}],"wp:attachment":[{"href":"https:\/\/www.krivak.sk\/eng\/wp-json\/wp\/v2\/media?parent=37180"}],"curies":[{"name":"wp","href":"https:\/\/api.w.org\/{rel}","templated":true}]}}