{"id":35311,"date":"2020-02-28T10:50:57","date_gmt":"2020-02-28T09:50:57","guid":{"rendered":"https:\/\/www.krivak.sk\/?page_id=35311"},"modified":"2024-06-14T11:21:21","modified_gmt":"2024-06-14T09:21:21","slug":"verejne-obstaravanie","status":"publish","type":"page","link":"https:\/\/www.krivak.sk\/eng\/sluzby-4\/verejne-obstaravanie\/","title":{"rendered":"Public Procurement"},"content":{"rendered":"<section class=\"wpb-content-wrapper\"><div id=\"headerpoyadie\" data-vc-full-width=\"true\" data-vc-full-width-init=\"false\" data-vc-stretch-content=\"true\" class=\"vc_row wpb_row vc_row-fluid vc_custom_1582883513972 vc_row-has-fill vc_row-no-padding vc_row-o-full-height vc_row-o-content-bottom vc_row-flex\"><div class=\"wpb_column vc_column_container vc_col-sm-12\"><div class=\"vc_column-inner\"><div class=\"wpb_wrapper\">\n\t<div class=\"wpb_text_column wpb_content_element\" id=\"boxvheaderpozadi-zalozky2\">\n\t\t<div class=\"wpb_wrapper\">\n\t\t\t<h4>Krivak &amp; Co<\/h4>\n<h1 class=\"fancy-title entry-title\">Public Procurement<\/h1>\n<p class=\"fancy-subtitle entry-title\"><img decoding=\"async\" loading=\"lazy\" class=\"alignleft size-full wp-image-32210\" src=\"http:\/\/www.krivak.sk\/wp-content\/uploads\/revslider\/dejure-home\/line.png\" alt=\"\" width=\"199\" height=\"11\" \/><\/p>\n\n\t\t<\/div>\n\t<\/div>\n<\/div><\/div><\/div><\/div><div class=\"vc_row-full-width\"><\/div><div class=\"vc_row wpb_row vc_row-fluid vc_custom_1521542701771\"><div class=\"wpb_column vc_column_container vc_col-sm-12\"><div class=\"vc_column-inner\"><div class=\"wpb_wrapper\">\n\t<div class=\"wpb_text_column wpb_content_element\" >\n\t\t<div class=\"wpb_wrapper\">\n\t\t\t<p style=\"text-align: center;\"><span style=\"color: #a78f68;\"><strong>PUBLIC PROCUREMENT<\/strong><\/span><\/p>\n<h1 style=\"text-align: center;\"><b>We are a highly recommended law firm in the field of public procurement <\/b><\/h1>\n\n\t\t<\/div>\n\t<\/div>\n<\/div><\/div><\/div><\/div><div class=\"vc_row wpb_row vc_row-fluid vc_custom_1521542701771\"><div class=\"wpb_column vc_column_container vc_col-sm-6\"><div class=\"vc_column-inner\"><div class=\"wpb_wrapper\">\n\t<div  class=\"wpb_single_image wpb_content_element vc_align_center\">\n\t\t\n\t\t<figure class=\"wpb_wrapper vc_figure\">\n\t\t\t<div class=\"vc_single_image-wrapper   vc_box_border_grey\"><img width=\"218\" height=\"300\" src=\"https:\/\/www.krivak.sk\/wp-content\/uploads\/2024\/06\/Verejne-obstaravania-black-2024.png\" class=\"vc_single_image-img attachment-full\" alt=\"\" decoding=\"async\" loading=\"lazy\" title=\"Verejne-obstaravania-black-2024\" srcset=\"https:\/\/www.krivak.sk\/wp-content\/uploads\/2024\/06\/Verejne-obstaravania-black-2024.png 218w, https:\/\/www.krivak.sk\/wp-content\/uploads\/2024\/06\/Verejne-obstaravania-black-2024-9x12.png 9w\" sizes=\"(max-width: 218px) 100vw, 218px\" data-wp-pid=\"37774\" \/><\/div>\n\t\t<\/figure>\n\t<\/div>\n<\/div><\/div><\/div><div class=\"wpb_column vc_column_container vc_col-sm-6\"><div class=\"vc_column-inner\"><div class=\"wpb_wrapper\">\n\t<div  class=\"wpb_single_image wpb_content_element vc_align_center\">\n\t\t\n\t\t<figure class=\"wpb_wrapper vc_figure\">\n\t\t\t<div class=\"vc_single_image-wrapper   vc_box_border_grey\"><img width=\"218\" height=\"300\" src=\"https:\/\/www.krivak.sk\/wp-content\/uploads\/2023\/08\/Verejne-obstaravania-black.png\" class=\"vc_single_image-img attachment-full\" alt=\"\" decoding=\"async\" loading=\"lazy\" title=\"Verejne obstaravania - black\" data-wp-pid=\"37327\" \/><\/div>\n\t\t<\/figure>\n\t<\/div>\n<\/div><\/div><\/div><\/div><div class=\"vc_row wpb_row vc_row-fluid vc_custom_1582883989462\"><div class=\"wpb_column vc_column_container vc_col-sm-12\"><div class=\"vc_column-inner\"><div class=\"wpb_wrapper\">\n\t<div class=\"wpb_text_column wpb_content_element\" >\n\t\t<div class=\"wpb_wrapper\">\n\t\t\t<p>We provide legal advice concerning public procurement to significant clients and guide them successfully through public procurement procedures worth hundreds of millions of euros.<\/p>\n<p style=\"font-weight: 400;\" class=\" translation-block\">Our established public procurement experts draw on more than ten years of experience. They can offer specialized assistance in preparing documentation and tenders and solving legal issues during public procurement. They also act for clients in <strong>lawsuits against decisions of the Public Procurement Authority, including penalty awards.<\/strong><\/p>\n<p class=\" translation-block\">We have successfully <strong>defended<\/strong> our clients <strong>against the results of public procurement reviews by the Ministry of Investments, Regional Development, and Informatisation of the Slovak Republic as the managing authority.<\/strong> Our superior, consistent, and technically excellent argumentation has persuaded the managing authority that public procurement law had not been violated and saved our client hundreds of thousands of euros of EU funds.<\/p>\n<p><a href=\"https:\/\/www.krivak.sk\/eng\/nase-uspechy\/#1694450034389-62dd6af9-6c56\"><strong>CASES AND EXPERIENCE<\/strong><\/a><\/p>\n\n\t\t<\/div>\n\t<\/div>\n<\/div><\/div><\/div><\/div><div class=\"vc_row wpb_row vc_row-fluid vc_custom_1520426050929\"><div class=\"wpb_column vc_column_container vc_col-sm-12\"><div class=\"vc_column-inner\"><div class=\"wpb_wrapper\">\n\t<div class=\"wpb_text_column wpb_content_element\" >\n\t\t<div class=\"wpb_wrapper\">\n\t\t\t\n\t\t<\/div>\n\t<\/div>\n<\/div><\/div><\/div><\/div><div class=\"vc_row wpb_row vc_row-fluid vc_custom_1520425644014\"><div class=\"wpb_column vc_column_container vc_col-sm-3\"><div class=\"vc_column-inner vc_custom_1525357701680\"><div class=\"wpb_wrapper\"><div class=\"banner-warpper sluzby\"><div class=\"banner-warpper-inner\"><a href=\"https:\/\/www.krivak.sk\/eng\/sluzby-4\/sporova-agenda\/\" target=\"\" title=\"\"><div class=\"banner-background\" style=\"background-image: url(https:\/\/www.krivak.sk\/wp-content\/uploads\/2018\/02\/3E3E9260.jpg);\"><\/div><div class=\"banner-inner\"><div class=\"banner-content\" style=\"border-color:;height:300px;\"><\/p>\n<h3 style=\"text-align: center;\"><span style=\"color: #ffffff;\">Litigation<br \/>\n<\/span><\/h3>\n<p><\/div><\/div><\/a><\/div><\/div><div class=\"vc_empty_space\"   style=\"height: 32px\"><span class=\"vc_empty_space_inner\"><\/span><\/div><div class=\"banner-warpper sluzby\"><div class=\"banner-warpper-inner\"><a href=\"https:\/\/www.krivak.sk\/eng\/sluzby-4\/antidiskriminacne-pravo-2\/\" target=\"\" title=\"Anti-discrimination Law\"><div class=\"banner-background\" style=\"background-image: url(https:\/\/www.krivak.sk\/wp-content\/uploads\/2024\/02\/antidiskriminacne-pravo.jpg);\"><\/div><div class=\"banner-inner\"><div class=\"banner-content\" style=\"border-color:;height:300px;\"><\/p>\n<h3 style=\"text-align: center;\"><span style=\"color: #ffffff;\">Anti-discrimination Law<\/span><\/h3>\n<p><\/div><\/div><\/a><\/div><\/div><div class=\"vc_empty_space\"   style=\"height: 32px\"><span class=\"vc_empty_space_inner\"><\/span><\/div><div class=\"banner-warpper sluzby\"><div class=\"banner-warpper-inner\"><a href=\"https:\/\/www.krivak.sk\/eng\/sluzby-4\/stavebne-a-pozemkove-pravo-2\/\" target=\"\" title=\"Public Procurement\"><div class=\"banner-background\" style=\"background-image: url(https:\/\/www.krivak.sk\/wp-content\/uploads\/2023\/08\/Stavebne-a-pozemkove-pravo-scaled-e1690874787966.jpg);\"><\/div><div class=\"banner-inner\"><div class=\"banner-content\" style=\"border-color:;height:300px;\"><\/p>\n<h3 style=\"text-align: center;\"><span style=\"color: #ffffff;\">Construction Law and Real Estate Rights<br \/>\n<\/span><\/h3>\n<p><\/div><\/div><\/a><\/div><\/div><\/div><\/div><\/div><div class=\"wpb_column vc_column_container vc_col-sm-3\"><div class=\"vc_column-inner vc_custom_1525357707424\"><div class=\"wpb_wrapper\"><div class=\"banner-warpper sluzby\"><div class=\"banner-warpper-inner\"><a href=\"https:\/\/www.krivak.sk\/eng\/sluzby\/verejne-obstaravanie\/\" target=\"\" title=\"Public Procurement\"><div class=\"banner-background\" style=\"background-image: url(https:\/\/www.krivak.sk\/wp-content\/uploads\/2020\/02\/sluzby.jpg);\"><\/div><div class=\"banner-inner\"><div class=\"banner-content\" style=\"border-color:;height:300px;\"><\/p>\n<h3 style=\"text-align: center;\"><span style=\"color: #ffffff;\">Public Procurement<br \/>\n<\/div><\/div><\/a><\/div><\/div><div class=\"vc_empty_space\"   style=\"height: 32px\"><span class=\"vc_empty_space_inner\"><\/span><\/div><div class=\"banner-warpper sluzby\"><div class=\"banner-warpper-inner\"><a href=\"https:\/\/www.krivak.sk\/eng\/sluzby-4\/pracovne-pravo-2\/\" target=\"\" title=\"Labor Law\"><div class=\"banner-background\" style=\"background-image: url(https:\/\/www.krivak.sk\/wp-content\/uploads\/2024\/02\/pracovne-pravo.jpg);\"><\/div><div class=\"banner-inner\"><div class=\"banner-content\" style=\"border-color:;height:300px;\"><\/span><\/h3>\n<h3 style=\"text-align: center;\"><span style=\"color: #ffffff;\">Labor Law<\/span><\/h3>\n<p><\/div><\/div><\/a><\/div><\/div><div class=\"vc_empty_space\"   style=\"height: 32px\"><span class=\"vc_empty_space_inner\"><\/span><\/div><div class=\"banner-warpper sluzby\"><div class=\"banner-warpper-inner\"><a href=\"https:\/\/www.krivak.sk\/eng\/sluzby-4\/medialne-pravo-2\/\" target=\"\" title=\"Media Law\"><div class=\"banner-background\" style=\"background-image: url(https:\/\/www.krivak.sk\/wp-content\/uploads\/2023\/08\/medialne-pravo.jpg);\"><\/div><div class=\"banner-inner\"><div class=\"banner-content\" style=\"border-color:;height:300px;\"><\/p>\n<h3 style=\"text-align: center;\"><span style=\"color: #ffffff;\">Media Law<br \/>\n<\/span><\/h3>\n<p><\/div><\/div><\/a><\/div><\/div><\/div><\/div><\/div><div class=\"wpb_column vc_column_container vc_col-sm-3\"><div class=\"vc_column-inner vc_custom_1525357707424\"><div class=\"wpb_wrapper\"><div class=\"banner-warpper sluzby\"><div class=\"banner-warpper-inner\"><a href=\"https:\/\/www.krivak.sk\/eng\/sluzby-4\/pravo-obchodnych-spolocnosti\/\" target=\"\" title=\"\"><div class=\"banner-background\" style=\"background-image: url(https:\/\/www.krivak.sk\/wp-content\/uploads\/2018\/02\/3E3E9191.jpg);\"><\/div><div class=\"banner-inner\"><div class=\"banner-content\" style=\"border-color:;height:300px;\"><\/p>\n<h3 style=\"text-align: center;\"><span style=\"color: #ffffff;\">Corporate Law<\/span><\/h3>\n<p><\/div><\/div><\/a><\/div><\/div><div class=\"vc_empty_space\"   style=\"height: 32px\"><span class=\"vc_empty_space_inner\"><\/span><\/div><div class=\"banner-warpper sluzby\"><div class=\"banner-warpper-inner\"><a href=\"https:\/\/www.krivak.sk\/eng\/sluzby-4\/rovnost-v-odmenovani-2\/\" target=\"\" title=\"Equal Pay\"><div class=\"banner-background\" style=\"background-image: url(https:\/\/www.krivak.sk\/wp-content\/uploads\/2024\/02\/rovnost-v-odmenovani-scaled.jpg);\"><\/div><div class=\"banner-inner\"><div class=\"banner-content\" style=\"border-color:;height:300px;\"><\/p>\n<h3 style=\"text-align: center;\"><span style=\"color: #ffffff;\">Equal Pay<\/span><\/h3>\n<p><\/div><\/div><\/a><\/div><\/div><div class=\"vc_empty_space\"   style=\"height: 32px\"><span class=\"vc_empty_space_inner\"><\/span><\/div><div class=\"banner-warpper sluzby\"><div class=\"banner-warpper-inner\"><a href=\"https:\/\/www.krivak.sk\/eng\/sluzby-4\/trestne-pravo\/\" target=\"\" title=\"Criminal Law\"><div class=\"banner-background\" style=\"background-image: url(https:\/\/www.krivak.sk\/wp-content\/uploads\/2023\/08\/Trestne-pravo-scaled-e1690874648228.jpg);\"><\/div><div class=\"banner-inner\"><div class=\"banner-content\" style=\"border-color:;height:300px;\"><\/p>\n<h3 style=\"text-align: center;\"><span style=\"color: #ffffff;\">Criminal Law<br \/>\n<\/span><\/h3>\n<p><\/div><\/div><\/a><\/div><\/div><\/div><\/div><\/div><div class=\"wpb_column vc_column_container vc_col-sm-3\"><div class=\"vc_column-inner\"><div class=\"wpb_wrapper\"><div class=\"banner-warpper sluzby\"><div class=\"banner-warpper-inner\"><a href=\"https:\/\/www.krivak.sk\/eng\/sluzby-4\/bankove-financne-pravo\/\" target=\"\" title=\"Banking and Financial Law\"><div class=\"banner-background\" style=\"background-image: url(https:\/\/www.krivak.sk\/wp-content\/uploads\/2018\/02\/3E3E9233.jpg);\"><\/div><div class=\"banner-inner\"><div class=\"banner-content\" style=\"border-color:;height:300px;\"><\/p>\n<h3 style=\"text-align: center;\"><span style=\"color: #ffffff;\">Banking and Financial Law<br \/>\n<\/span><\/h3>\n<p><\/div><\/div><\/a><\/div><\/div><div class=\"vc_empty_space\"   style=\"height: 32px\"><span class=\"vc_empty_space_inner\"><\/span><\/div><div class=\"banner-warpper sluzby\"><div class=\"banner-warpper-inner\"><a href=\"https:\/\/www.krivak.sk\/eng\/sluzby-4\/zdravotnicke-pravo\/\" target=\"\" title=\"Health Law\"><div class=\"banner-background\" style=\"background-image: url(https:\/\/www.krivak.sk\/wp-content\/uploads\/2024\/02\/zdravotnice-pravo.jpg);\"><\/div><div class=\"banner-inner\"><div class=\"banner-content\" style=\"border-color:;height:300px;\"><\/p>\n<h3 style=\"text-align: center;\"><span style=\"color: #ffffff;\">Health Law<\/span><\/h3>\n<p><\/div><\/div><\/a><\/div><\/div><div class=\"vc_empty_space\"   style=\"height: 32px\"><span class=\"vc_empty_space_inner\"><\/span><\/div><div class=\"banner-warpper sluzby\"><div class=\"banner-warpper-inner\"><a href=\"https:\/\/www.krivak.sk\/eng\/sluzby-4\/sportove-pravo-2\/\" target=\"\" title=\"Sports Law\"><div class=\"banner-background\" style=\"background-image: url(https:\/\/www.krivak.sk\/wp-content\/uploads\/2023\/08\/sportove-pravo.jpg);\"><\/div><div class=\"banner-inner\"><div class=\"banner-content\" style=\"border-color:;height:300px;\"><\/p>\n<h3 style=\"text-align: center;\"><span style=\"color: #ffffff;\">Sports Law<\/span><\/h3>\n<p><\/div><\/div><\/a><\/div><\/div><\/div><\/div><\/div><\/div>\n<\/section>","protected":false},"excerpt":{"rendered":"Krivak &amp; Co Verejn\u00e9 obstar\u00e1vanie VEREJN\u00c9 OBSTAR\u00c1VANIE Sme ve\u013emi odpor\u00fa\u010danou advok\u00e1tskou kancel\u00e1riou v\u00a0oblasti verejn\u00e9ho obstar\u00e1vania Poskytujeme pr\u00e1vne slu\u017eby v\u00a0oblasti verejn\u00e9ho obstar\u00e1vania v\u00fdznamn\u00fdm klientom, ktor\u00fdch sme \u00faspe\u0161ne previedli verejn\u00fdmi obstar\u00e1vaniami v\u00a0hodnote nieko\u013ek\u00fdch stoviek mili\u00f3nov eur. Na\u0161i experti a\u00a0expertky na verejn\u00e9 obstar\u00e1vanie sa tejto oblasti pr\u00e1va\u00a0venuj\u00fa viac ako desa\u0165 rokov. Dok\u00e1\u017eu nielen&hellip;","protected":false},"author":32,"featured_media":0,"parent":32017,"menu_order":0,"comment_status":"closed","ping_status":"closed","template":"","meta":[],"acf":[],"aioseo_notices":[],"_links":{"self":[{"href":"https:\/\/www.krivak.sk\/eng\/wp-json\/wp\/v2\/pages\/35311"}],"collection":[{"href":"https:\/\/www.krivak.sk\/eng\/wp-json\/wp\/v2\/pages"}],"about":[{"href":"https:\/\/www.krivak.sk\/eng\/wp-json\/wp\/v2\/types\/page"}],"author":[{"embeddable":true,"href":"https:\/\/www.krivak.sk\/eng\/wp-json\/wp\/v2\/users\/32"}],"replies":[{"embeddable":true,"href":"https:\/\/www.krivak.sk\/eng\/wp-json\/wp\/v2\/comments?post=35311"}],"version-history":[{"count":11,"href":"https:\/\/www.krivak.sk\/eng\/wp-json\/wp\/v2\/pages\/35311\/revisions"}],"predecessor-version":[{"id":37775,"href":"https:\/\/www.krivak.sk\/eng\/wp-json\/wp\/v2\/pages\/35311\/revisions\/37775"}],"up":[{"embeddable":true,"href":"https:\/\/www.krivak.sk\/eng\/wp-json\/wp\/v2\/pages\/32017"}],"wp:attachment":[{"href":"https:\/\/www.krivak.sk\/eng\/wp-json\/wp\/v2\/media?parent=35311"}],"curies":[{"name":"wp","href":"https:\/\/api.w.org\/{rel}","templated":true}]}}