{"id":33075,"date":"2018-02-20T10:34:53","date_gmt":"2018-02-20T09:34:53","guid":{"rendered":"http:\/\/www.krivak.sk\/?page_id=33075"},"modified":"2024-03-12T15:28:56","modified_gmt":"2024-03-12T14:28:56","slug":"advokati-pro-bono","status":"publish","type":"page","link":"https:\/\/www.krivak.sk\/eng\/advokati-pro-bono\/","title":{"rendered":"Pro bono attorney services"},"content":{"rendered":"<section class=\"wpb-content-wrapper\"><div id=\"headerpoyadie\" data-vc-full-width=\"true\" data-vc-full-width-init=\"false\" data-vc-stretch-content=\"true\" class=\"vc_row wpb_row vc_row-fluid vc_custom_1525358704910 vc_row-has-fill vc_row-no-padding vc_row-o-full-height vc_row-o-content-middle vc_row-flex\"><div class=\"wpb_column vc_column_container vc_col-sm-12\"><div class=\"vc_column-inner\"><div class=\"wpb_wrapper\">\n\t<div class=\"wpb_text_column wpb_content_element\" id=\"boxvheaderpozadi-zalozky2\">\n\t\t<div class=\"wpb_wrapper\">\n\t\t\t<h4>Krivak &amp; Co<\/h4>\n<h1 class=\"fancy-title entry-title translation-block\">Pro Bono<br>\nLegal Services<\/h1>\n<p class=\"fancy-subtitle entry-title\"><img decoding=\"async\" loading=\"lazy\" class=\"alignleft size-full wp-image-32210\" src=\"http:\/\/www.krivak.sk\/wp-content\/uploads\/revslider\/dejure-home\/line.png\" alt=\"\" width=\"199\" height=\"11\" \/><\/p>\n\n\t\t<\/div>\n\t<\/div>\n<\/div><\/div><\/div><\/div><div class=\"vc_row-full-width\"><\/div><div class=\"vc_row wpb_row vc_row-fluid vc_custom_1520388483490\"><div class=\"wpb_column vc_column_container vc_col-sm-12\"><div class=\"vc_column-inner\"><div class=\"wpb_wrapper\">\n\t<div class=\"wpb_text_column wpb_content_element\" >\n\t\t<div class=\"wpb_wrapper\">\n\t\t\t<p style=\"text-align: center;\"><span style=\"color: #a78f68;\"><strong>PRO BONO LEGAL SERVICES<\/strong><\/span><\/p>\n<h1 style=\"text-align: center;\">We offer free legal advice to disadvantaged persons<\/h1>\n\n\t\t<\/div>\n\t<\/div>\n<div class=\"vc_empty_space\"   style=\"height: 20px\"><span class=\"vc_empty_space_inner\"><\/span><\/div><\/div><\/div><\/div><\/div><div class=\"vc_row wpb_row vc_row-fluid\"><div class=\"wpb_column vc_column_container vc_col-sm-8\"><div class=\"vc_column-inner\"><div class=\"wpb_wrapper\">\n\t<div class=\"wpb_text_column wpb_content_element\" >\n\t\t<div class=\"wpb_wrapper\">\n\t\t\t<p style=\"font-weight: 400;\" class=\" translation-block\">We provide free legal services to disadvantaged persons and non-government organizations in specific cases.<\/p>\n<p style=\"font-weight: 400;\" class=\" translation-block\">We also work on the cases of persons and with persons who find themselves in a difficult situation in life or face problems that reflect <strong>systemic failure<\/strong>.<\/p>\n<p style=\"font-weight: 400;\" class=\" translation-block\">For example, through the civic association Proti pr\u00fadu (Against the Stream), we help <strong>homeless people<\/strong>. In the past, we participated in the project Advok\u00e1ti Pro Bono (Pro Bono Lawyers) under the aegis of the Foundation Pontis, where we especially assisted <strong>deaf people<\/strong> and focused on promoting systemic legislative amendments.<\/p>\n<p><span style=\"font-weight: 400;\">We believe it is necessary to address topics that are neither of central political nor significant public concern and to make society more aware of disadvantaged persons and groups. Pro bono services enable us to behave in a socially responsible way and make a personal contribution to individuals and society.<\/span><\/p>\n\n\t\t<\/div>\n\t<\/div>\n<div class=\"vc_empty_space\"   style=\"height: 30px\"><span class=\"vc_empty_space_inner\"><\/span><\/div><\/div><\/div><\/div><div class=\"wpb_column vc_column_container vc_col-sm-4\"><div class=\"vc_column-inner\"><div class=\"wpb_wrapper\">\n\t<div  class=\"wpb_single_image wpb_content_element vc_align_center\">\n\t\t\n\t\t<figure class=\"wpb_wrapper vc_figure\">\n\t\t\t<div class=\"vc_single_image-wrapper   vc_box_border_grey\"><img width=\"563\" height=\"622\" src=\"https:\/\/www.krivak.sk\/wp-content\/uploads\/2019\/05\/Pro-BonoCSR-2.jpg\" class=\"vc_single_image-img attachment-full\" alt=\"\" decoding=\"async\" loading=\"lazy\" title=\"Pro Bono&amp;CSR 2\" srcset=\"https:\/\/www.krivak.sk\/wp-content\/uploads\/2019\/05\/Pro-BonoCSR-2.jpg 563w, https:\/\/www.krivak.sk\/wp-content\/uploads\/2019\/05\/Pro-BonoCSR-2-272x300.jpg 272w, https:\/\/www.krivak.sk\/wp-content\/uploads\/2019\/05\/Pro-BonoCSR-2-500x552.jpg 500w, https:\/\/www.krivak.sk\/wp-content\/uploads\/2019\/05\/Pro-BonoCSR-2-420x464.jpg 420w\" sizes=\"(max-width: 563px) 100vw, 563px\" data-wp-pid=\"35099\" \/><\/div>\n\t\t<\/figure>\n\t<\/div>\n<\/div><\/div><\/div><\/div><div class=\"vc_row wpb_row vc_row-fluid\"><div class=\"wpb_column vc_column_container vc_col-sm-12\"><div class=\"vc_column-inner\"><div class=\"wpb_wrapper\">\n\t<div class=\"wpb_text_column wpb_content_element\" >\n\t\t<div class=\"wpb_wrapper\">\n\t\t\t\n\t\t<\/div>\n\t<\/div>\n<\/div><\/div><\/div><\/div><div class=\"vc_row wpb_row vc_row-fluid\"><div class=\"wpb_column vc_column_container vc_col-sm-12\"><div class=\"vc_column-inner\"><div class=\"wpb_wrapper\">\n\t<div class=\"wpb_text_column wpb_content_element\" >\n\t\t<div class=\"wpb_wrapper\">\n\t\t\t\n\t\t<\/div>\n\t<\/div>\n<\/div><\/div><\/div><\/div><div data-vc-full-width=\"true\" data-vc-full-width-init=\"false\" class=\"vc_row wpb_row vc_row-fluid vc_custom_1521541322174 vc_row-has-fill\"><div class=\"wpb_column vc_column_container vc_col-sm-12\"><div class=\"vc_column-inner\"><div class=\"wpb_wrapper\">\n\t<div class=\"wpb_text_column wpb_content_element\" >\n\t\t<div class=\"wpb_wrapper\">\n\t\t\t<h1 style=\"text-align: center;\">We may all enjoy good health, education, a job, and a roof over our heads. However, we know this is not a daily reality for everybody.<\/h1>\n<h1 style=\"text-align: center;\">We wish to share these privileges<\/h1>\n\n\t\t<\/div>\n\t<\/div>\n<\/div><\/div><\/div><\/div><div class=\"vc_row-full-width\"><\/div><div data-vc-full-width=\"true\" data-vc-full-width-init=\"false\" class=\"vc_row wpb_row vc_row-fluid vc_custom_1525937523941 vc_row-has-fill\"><div class=\"wpb_column vc_column_container vc_col-sm-6\"><div class=\"vc_column-inner\"><div class=\"wpb_wrapper\"><div class=\"banner-warpper sluzby\"><div class=\"banner-warpper-inner\"><a href=\"https:\/\/www.krivak.sk\/eng\/stipendijne-projekty\/\" target=\"\" title=\"\"><div class=\"banner-background\" style=\"background-image: url(https:\/\/www.krivak.sk\/wp-content\/uploads\/2018\/02\/stipendijny-program.jpg);\"><\/div><div class=\"banner-inner\"><div class=\"banner-content\" style=\"border-color:;height:400px;\"><\/p>\n<h3 style=\"text-align: center;\"><span style=\"color: #ffffff;\">Scholarship Program<\/span><\/h3>\n<p><\/div><\/div><\/a><\/div><\/div><\/div><\/div><\/div><div class=\"wpb_column vc_column_container vc_col-sm-6\"><div class=\"vc_column-inner\"><div class=\"wpb_wrapper\"><div class=\"banner-warpper sluzby\"><div class=\"banner-warpper-inner\"><a href=\"https:\/\/www.krivak.sk\/eng\/mestske-bicykle\/\" target=\"\" title=\"\"><div class=\"banner-background\" style=\"background-image: url(https:\/\/www.krivak.sk\/wp-content\/uploads\/2018\/03\/mestksebicyklenew.jpg);\"><\/div><div class=\"banner-inner\"><div class=\"banner-content\" style=\"border-color:;height:400px;\"><\/p>\n<h3 style=\"text-align: center;\"><span style=\"color: #ffffff;\">City bikes<\/span><\/h3>\n<p><\/div><\/div><\/a><\/div><\/div><\/div><\/div><\/div><\/div><div class=\"vc_row-full-width\"><\/div><div data-vc-full-width=\"true\" data-vc-full-width-init=\"false\" class=\"vc_row wpb_row vc_row-fluid vc_custom_1525937523941 vc_row-has-fill\"><div class=\"wpb_column vc_column_container vc_col-sm-6\"><div class=\"vc_column-inner\"><div class=\"wpb_wrapper\"><div class=\"banner-warpper sluzby\"><div class=\"banner-warpper-inner translation-block\">Pro Bono<br>\nLegal Services<\/div><\/div><\/div><\/div><\/div><div class=\"wpb_column vc_column_container vc_col-sm-6\"><div class=\"vc_column-inner\"><div class=\"wpb_wrapper\"><div class=\"banner-warpper sluzby\"><div class=\"banner-warpper-inner\"><a href=\"https:\/\/www.krivak.sk\/eng\/karpaty-tour\/\" target=\"\" title=\"\"><div class=\"banner-background\" style=\"background-image: url(https:\/\/www.krivak.sk\/wp-content\/uploads\/2018\/04\/20180425_155121-1.jpg);\"><\/div><div class=\"banner-inner\"><div class=\"banner-content\" style=\"border-color:;height:400px;\"><\/p>\n<h3 style=\"text-align: center;\"><span style=\"color: #ffffff;\">Karpaty Tour<\/span><\/h3>\n<p><\/div><\/div><\/a><\/div><\/div><\/div><\/div><\/div><\/div><div class=\"vc_row-full-width\"><\/div>\n<\/section>","protected":false},"excerpt":{"rendered":"Krivak &amp; Co Advok\u00e1tske slu\u017eby Pro Bono ADVOK\u00c1TSKE SLU\u017dBY PRO BONO Poskytujeme bezplatn\u00e9 pr\u00e1vne poradenstvo znev\u00fdhodnen\u00fdm osob\u00e1m Vo vybran\u00fdch pr\u00edpadoch poskytujeme bezplatn\u00e9 pr\u00e1vne slu\u017eby znev\u00fdhodnen\u00fdm osob\u00e1m a mimovl\u00e1dnym organiz\u00e1ci\u00e1m. Pracujeme aj na pr\u00edpadoch os\u00f4b a\u00a0s osobami, ktor\u00e9 sa ocitli v \u0165a\u017ekej \u017eivotnej situ\u00e1cii alebo \u010delia probl\u00e9mu, ktor\u00fd odr\u00e1\u017ea syst\u00e9mov\u00e9 zlyhania.&hellip;","protected":false},"author":32,"featured_media":0,"parent":0,"menu_order":0,"comment_status":"closed","ping_status":"closed","template":"","meta":[],"acf":[],"aioseo_notices":[],"_links":{"self":[{"href":"https:\/\/www.krivak.sk\/eng\/wp-json\/wp\/v2\/pages\/33075"}],"collection":[{"href":"https:\/\/www.krivak.sk\/eng\/wp-json\/wp\/v2\/pages"}],"about":[{"href":"https:\/\/www.krivak.sk\/eng\/wp-json\/wp\/v2\/types\/page"}],"author":[{"embeddable":true,"href":"https:\/\/www.krivak.sk\/eng\/wp-json\/wp\/v2\/users\/32"}],"replies":[{"embeddable":true,"href":"https:\/\/www.krivak.sk\/eng\/wp-json\/wp\/v2\/comments?post=33075"}],"version-history":[{"count":4,"href":"https:\/\/www.krivak.sk\/eng\/wp-json\/wp\/v2\/pages\/33075\/revisions"}],"predecessor-version":[{"id":37531,"href":"https:\/\/www.krivak.sk\/eng\/wp-json\/wp\/v2\/pages\/33075\/revisions\/37531"}],"wp:attachment":[{"href":"https:\/\/www.krivak.sk\/eng\/wp-json\/wp\/v2\/media?parent=33075"}],"curies":[{"name":"wp","href":"https:\/\/api.w.org\/{rel}","templated":true}]}}