{"id":33071,"date":"2018-02-20T10:31:55","date_gmt":"2018-02-20T09:31:55","guid":{"rendered":"http:\/\/www.krivak.sk\/?page_id=33071"},"modified":"2024-02-12T13:59:28","modified_gmt":"2024-02-12T12:59:28","slug":"karpaty-tour","status":"publish","type":"page","link":"https:\/\/www.krivak.sk\/eng\/karpaty-tour\/","title":{"rendered":"Karpaty Tour"},"content":{"rendered":"<section class=\"wpb-content-wrapper\"><div id=\"headerpoyadie\" data-vc-full-width=\"true\" data-vc-full-width-init=\"false\" data-vc-stretch-content=\"true\" class=\"vc_row wpb_row vc_row-fluid vc_custom_1525358751940 vc_row-has-fill vc_row-no-padding vc_row-o-full-height vc_row-o-content-middle vc_row-flex\"><div class=\"wpb_column vc_column_container vc_col-sm-12\"><div class=\"vc_column-inner\"><div class=\"wpb_wrapper\">\n\t<div class=\"wpb_text_column wpb_content_element\" id=\"boxvheaderpozadi-zalozky2\">\n\t\t<div class=\"wpb_wrapper\">\n\t\t\t<h4>Krivak &amp; Co<\/h4>\n<h1 class=\"fancy-title entry-title\">Karpaty Tour<\/h1>\n<p class=\"fancy-subtitle entry-title\"><img decoding=\"async\" loading=\"lazy\" class=\"alignleft size-full wp-image-32210\" src=\"http:\/\/www.krivak.sk\/wp-content\/uploads\/revslider\/dejure-home\/line.png\" alt=\"\" width=\"199\" height=\"11\" \/><\/p>\n\n\t\t<\/div>\n\t<\/div>\n<\/div><\/div><\/div><\/div><div class=\"vc_row-full-width\"><\/div><div class=\"vc_row wpb_row vc_row-fluid vc_custom_1520388519742\"><div class=\"wpb_column vc_column_container vc_col-sm-12\"><div class=\"vc_column-inner\"><div class=\"wpb_wrapper\">\n\t<div class=\"wpb_text_column wpb_content_element\" >\n\t\t<div class=\"wpb_wrapper\">\n\t\t\t<p style=\"text-align: center;\"><span style=\"color: #a78f68;\"><strong>KARPATY TOUR<\/strong><\/span><\/p>\n<h1 style=\"text-align: center;\">The sporting and social event Karpaty Tour promotes our reputation<\/h1>\n\n\t\t<\/div>\n\t<\/div>\n<div class=\"vc_empty_space\"   style=\"height: 20px\"><span class=\"vc_empty_space_inner\"><\/span><\/div><\/div><\/div><\/div><\/div><div class=\"vc_row wpb_row vc_row-fluid\"><div class=\"wpb_column vc_column_container vc_col-sm-12\"><div class=\"vc_column-inner\"><div class=\"wpb_wrapper\">\n\t<div class=\"wpb_text_column wpb_content_element\" >\n\t\t<div class=\"wpb_wrapper\">\n\t\t\t<p class=\" translation-block\">The Karpaty Tour \u2013 which takes place every year in July \u2013 is a meeting of fans of <strong>mountain biking<\/strong> among our clients and friends of Martin Kriv\u00e1k. Martin organized this weekend event for the first time more than 25 years ago. Since then, the date has become fixed in the calendar. The number of partners, children, more distant family members, new clients, and friends attracted by the Karpaty Tour keeps growing. Martin Kriv\u00e1k is happy that participants\u2019 children not only enjoy this event but have also helped prepare the program itself.<\/p>\n<p class=\" translation-block\">In recent years, the Karpaty Tour was attended by about <strong>80 cyclists<\/strong>. It is a significant sporting and social event where you can do sports and even dance and sing \u2013 rapidly strengthening friendships and relations because <strong>our clients are also our friends.<\/strong><\/p>\n\n\t\t<\/div>\n\t<\/div>\n<div class=\"vc_empty_space\"   style=\"height: 30px\"><span class=\"vc_empty_space_inner\"><\/span><\/div><\/div><\/div><\/div><\/div><div class=\"vc_row wpb_row vc_row-fluid\"><div class=\"wpb_column vc_column_container vc_col-sm-12\"><div class=\"vc_column-inner\"><div class=\"wpb_wrapper\">\n\t<div class=\"wpb_text_column wpb_content_element\" >\n\t\t<div class=\"wpb_wrapper\">\n\t\t\t\n\t\t<\/div>\n\t<\/div>\n<\/div><\/div><\/div><\/div>\n<div data-vc-full-width=\"true\" data-vc-full-width-init=\"false\" class=\"vc_row wpb_row vc_row-fluid vc_custom_1521541322174 vc_row-has-fill\"><div class=\"wpb_column vc_column_container vc_col-sm-12\"><div class=\"vc_column-inner\"><div class=\"wpb_wrapper\">\n\t<div class=\"wpb_text_column wpb_content_element\" >\n\t\t<div class=\"wpb_wrapper\">\n\t\t\t<p style=\"text-align: center;\"><span style=\"color: #a78f68;\"><strong>COMMUNITY PROJECTS<\/strong><\/span><\/p>\n<h1 style=\"text-align: center;\">We may all enjoy good health, education, a job, and a roof over our heads. However, we know this is not a daily reality for everybody.<\/h1>\n<h1 style=\"text-align: center;\">We wish to share these privileges<\/h1>\n\n\t\t<\/div>\n\t<\/div>\n<\/div><\/div><\/div><\/div><div class=\"vc_row-full-width\"><\/div><div data-vc-full-width=\"true\" data-vc-full-width-init=\"false\" class=\"vc_row wpb_row vc_row-fluid vc_custom_1525937523941 vc_row-has-fill\"><div class=\"wpb_column vc_column_container vc_col-sm-6\"><div class=\"vc_column-inner\"><div class=\"wpb_wrapper\"><div class=\"banner-warpper sluzby\"><div class=\"banner-warpper-inner\"><a href=\"https:\/\/www.krivak.sk\/eng\/stipendijne-projekty\/\" target=\"\" title=\"\"><div class=\"banner-background\" style=\"background-image: url(https:\/\/www.krivak.sk\/wp-content\/uploads\/2018\/02\/stipendijny-program.jpg);\"><\/div><div class=\"banner-inner\"><div class=\"banner-content\" style=\"border-color:;height:400px;\"><\/p>\n<h3 style=\"text-align: center;\"><span style=\"color: #ffffff;\">Scholarship Program<\/span><\/h3>\n<p><\/div><\/div><\/a><\/div><\/div><\/div><\/div><\/div><div class=\"wpb_column vc_column_container vc_col-sm-6\"><div class=\"vc_column-inner\"><div class=\"wpb_wrapper\"><div class=\"banner-warpper sluzby\"><div class=\"banner-warpper-inner\"><a href=\"https:\/\/www.krivak.sk\/eng\/mestske-bicykle\/\" target=\"\" title=\"\"><div class=\"banner-background\" style=\"background-image: url(https:\/\/www.krivak.sk\/wp-content\/uploads\/2018\/03\/mestksebicyklenew.jpg);\"><\/div><div class=\"banner-inner\"><div class=\"banner-content\" style=\"border-color:;height:400px;\"><\/p>\n<h3 style=\"text-align: center;\"><span style=\"color: #ffffff;\">City bikes<\/span><\/h3>\n<p><\/div><\/div><\/a><\/div><\/div><\/div><\/div><\/div><div class=\"wpb_column vc_column_container vc_col-sm-6\"><div class=\"vc_column-inner\"><div class=\"wpb_wrapper\"><div class=\"banner-warpper sluzby\"><div class=\"banner-warpper-inner translation-block\">Pro Bono<br>\nLegal Services<\/div><\/div><\/div><\/div><\/div><div class=\"wpb_column vc_column_container vc_col-sm-6\"><div class=\"vc_column-inner\"><div class=\"wpb_wrapper\"><div class=\"banner-warpper sluzby\"><div class=\"banner-warpper-inner\"><a href=\"https:\/\/www.krivak.sk\/eng\/karpaty-tour\/\" target=\"\" title=\"\"><div class=\"banner-background\" style=\"background-image: url(https:\/\/www.krivak.sk\/wp-content\/uploads\/2018\/04\/20180425_155121-1.jpg);\"><\/div><div class=\"banner-inner\"><div class=\"banner-content\" style=\"border-color:;height:400px;\"><\/p>\n<h3 style=\"text-align: center;\"><span style=\"color: #ffffff;\">Karpaty Tour<\/span><\/h3>\n<p><\/div><\/div><\/a><\/div><\/div><\/div><\/div><\/div><\/div><div class=\"vc_row-full-width\"><\/div>\n<\/section>","protected":false},"excerpt":{"rendered":"Krivak &amp; Co Karpaty Tour KARPATY TOUR Spolo\u010densko-\u0161portov\u00e1 akcia Karpaty Tour n\u00e1m rob\u00ed dobr\u00fa reklamu Karpaty Tour je ka\u017edoro\u010dn\u00e9 j\u00falov\u00e9 stretnutie na\u0161ich klientov a priate\u013eov Martina Kriv\u00e1ka, ktor\u00ed s\u00fa z\u00e1rove\u0148 pr\u00edvr\u017eencami horskej cyklistiky. Martin prv\u00fdkr\u00e1t zorganizoval t\u00fato v\u00edkendov\u00fa akciu pred viac ako dvadsiatimipiatimi rokmi a odvtedy sa konala ka\u017ed\u00fd rok.&hellip;","protected":false},"author":32,"featured_media":0,"parent":0,"menu_order":0,"comment_status":"closed","ping_status":"closed","template":"","meta":[],"acf":[],"aioseo_notices":[],"_links":{"self":[{"href":"https:\/\/www.krivak.sk\/eng\/wp-json\/wp\/v2\/pages\/33071"}],"collection":[{"href":"https:\/\/www.krivak.sk\/eng\/wp-json\/wp\/v2\/pages"}],"about":[{"href":"https:\/\/www.krivak.sk\/eng\/wp-json\/wp\/v2\/types\/page"}],"author":[{"embeddable":true,"href":"https:\/\/www.krivak.sk\/eng\/wp-json\/wp\/v2\/users\/32"}],"replies":[{"embeddable":true,"href":"https:\/\/www.krivak.sk\/eng\/wp-json\/wp\/v2\/comments?post=33071"}],"version-history":[{"count":2,"href":"https:\/\/www.krivak.sk\/eng\/wp-json\/wp\/v2\/pages\/33071\/revisions"}],"predecessor-version":[{"id":37534,"href":"https:\/\/www.krivak.sk\/eng\/wp-json\/wp\/v2\/pages\/33071\/revisions\/37534"}],"wp:attachment":[{"href":"https:\/\/www.krivak.sk\/eng\/wp-json\/wp\/v2\/media?parent=33071"}],"curies":[{"name":"wp","href":"https:\/\/api.w.org\/{rel}","templated":true}]}}