{"id":33067,"date":"2018-02-20T10:28:41","date_gmt":"2018-02-20T09:28:41","guid":{"rendered":"http:\/\/www.krivak.sk\/?page_id=33067"},"modified":"2024-02-12T13:44:07","modified_gmt":"2024-02-12T12:44:07","slug":"stipendijne-projekty","status":"publish","type":"page","link":"https:\/\/www.krivak.sk\/eng\/stipendijne-projekty\/","title":{"rendered":"Scholarship Program"},"content":{"rendered":"<section class=\"wpb-content-wrapper\"><div id=\"headerpoyadie\" data-vc-full-width=\"true\" data-vc-full-width-init=\"false\" data-vc-stretch-content=\"true\" class=\"vc_row wpb_row vc_row-fluid vc_custom_1525358672931 vc_row-has-fill vc_row-no-padding vc_row-o-full-height vc_row-o-content-middle vc_row-flex\"><div class=\"wpb_column vc_column_container vc_col-sm-12\"><div class=\"vc_column-inner\"><div class=\"wpb_wrapper\">\n\t<div class=\"wpb_text_column wpb_content_element\" id=\"boxvheaderpozadi-zalozky2\">\n\t\t<div class=\"wpb_wrapper\">\n\t\t\t<h4>Krivak &amp; Co<\/h4>\n<h1 class=\"fancy-title entry-title\">Scholarship Program<\/h1>\n<p class=\"fancy-subtitle entry-title\"><img decoding=\"async\" loading=\"lazy\" class=\"alignleft size-full wp-image-32210\" src=\"http:\/\/www.krivak.sk\/wp-content\/uploads\/revslider\/dejure-home\/line.png\" alt=\"\" width=\"199\" height=\"11\" \/><\/p>\n\n\t\t<\/div>\n\t<\/div>\n<\/div><\/div><\/div><\/div><div class=\"vc_row-full-width\"><\/div><div class=\"vc_row wpb_row vc_row-fluid vc_custom_1520388461953\"><div class=\"wpb_column vc_column_container vc_col-sm-12\"><div class=\"vc_column-inner\"><div class=\"wpb_wrapper\">\n\t<div class=\"wpb_text_column wpb_content_element\" >\n\t\t<div class=\"wpb_wrapper\">\n\t\t\t<p style=\"text-align: center;\"><span style=\"color: #a78f68;\"><strong>SCHOLARSHIP PROGRAMME<\/strong><\/span><\/p>\n<h1 style=\"text-align: center;\">\u2018I am happy when our program involves at least one hundred students.\u2019 JUDr. Martin Kriv\u00e1k<\/h1>\n\n\t\t<\/div>\n\t<\/div>\n<div class=\"vc_empty_space\"   style=\"height: 20px\"><span class=\"vc_empty_space_inner\"><\/span><\/div><\/div><\/div><\/div><\/div><div class=\"vc_row wpb_row vc_row-fluid\"><div class=\"wpb_column vc_column_container vc_col-sm-12\"><div class=\"vc_column-inner\"><div class=\"wpb_wrapper\">\n\t<div class=\"wpb_text_column wpb_content_element\" >\n\t\t<div class=\"wpb_wrapper\">\n\t\t\t<p style=\"font-weight: 400;\" class=\" translation-block\">This program aims to support talented children from socially disadvantaged environments to finish primary, secondary, or art school with a good standard of performance. We want to help (not only) Roma children to improve their opportunities and get <strong>a chance at a better life.<\/strong><\/p>\n<p style=\"font-weight: 400;\" class=\" translation-block\">The initiator and <strong>sponsor of the project is Martin Kriv\u00e1k<\/strong>, who was inspired by the work of Ida Kelarov\u00e1. Other team members soon became enthusiastic about this program, especially after meeting Ida and her children's choir (\u010chavorenge) and seeing their energy, talent, and effort.<\/p>\n<p style=\"font-weight: 400;\">We believe that the education these young people get with our help increases their chance of improving their living conditions and opens up a wealth of essential opportunities.<\/p>\n<p style=\"font-weight: 400;\" class=\" translation-block\">The <strong>scholarship<\/strong> is intended mainly for primary and secondary school pupils talented in any waywho are willing to work hard on their education with great dedication, enthusiasm and commitment<\/p>\n<p class=\" translation-block\">To learn more, please write to us with your questions or send us your motivation letter at: <a href=\"mailto:office@krivak.sk\" target=\"_self\">office@krivak.sk<\/a> with <strong>\"Scholarship Programme\"<\/strong> as the subject of your message.<\/p>\n\n\t\t<\/div>\n\t<\/div>\n<div class=\"vc_empty_space\"   style=\"height: 30px\"><span class=\"vc_empty_space_inner\"><\/span><\/div><\/div><\/div><\/div><\/div><div class=\"vc_row wpb_row vc_row-fluid\"><div class=\"wpb_column vc_column_container vc_col-sm-12\"><div class=\"vc_column-inner\"><div class=\"wpb_wrapper\">\n\t<div class=\"wpb_text_column wpb_content_element\" >\n\t\t<div class=\"wpb_wrapper\">\n\t\t\t\n\t\t<\/div>\n\t<\/div>\n<\/div><\/div><\/div><\/div>\n<div data-vc-full-width=\"true\" data-vc-full-width-init=\"false\" class=\"vc_row wpb_row vc_row-fluid vc_custom_1521541322174 vc_row-has-fill\"><div class=\"wpb_column vc_column_container vc_col-sm-12\"><div class=\"vc_column-inner\"><div class=\"wpb_wrapper\">\n\t<div class=\"wpb_text_column wpb_content_element\" >\n\t\t<div class=\"wpb_wrapper\">\n\t\t\t<p style=\"text-align: center;\"><span style=\"color: #a78f68;\"><strong>COMMUNITY PROJECTS<\/strong><\/span><\/p>\n<h1 style=\"text-align: center;\">We may all enjoy good health, education, a job, and a roof over our heads. However, we know this is not a daily reality for everybody.<\/h1>\n<h1 style=\"text-align: center;\">We wish to share these privileges<\/h1>\n\n\t\t<\/div>\n\t<\/div>\n<\/div><\/div><\/div><\/div><div class=\"vc_row-full-width\"><\/div><div data-vc-full-width=\"true\" data-vc-full-width-init=\"false\" class=\"vc_row wpb_row vc_row-fluid vc_custom_1525937523941 vc_row-has-fill\"><div class=\"wpb_column vc_column_container vc_col-sm-6\"><div class=\"vc_column-inner\"><div class=\"wpb_wrapper\"><div class=\"banner-warpper sluzby\"><div class=\"banner-warpper-inner\"><a href=\"https:\/\/www.krivak.sk\/eng\/stipendijne-projekty\/\" target=\"\" title=\"\"><div class=\"banner-background\" style=\"background-image: url(https:\/\/www.krivak.sk\/wp-content\/uploads\/2018\/02\/stipendijny-program.jpg);\"><\/div><div class=\"banner-inner\"><div class=\"banner-content\" style=\"border-color:;height:400px;\"><\/p>\n<h3 style=\"text-align: center;\"><span style=\"color: #ffffff;\">Scholarship Program<\/span><\/h3>\n<p><\/div><\/div><\/a><\/div><\/div><\/div><\/div><\/div><div class=\"wpb_column vc_column_container vc_col-sm-6\"><div class=\"vc_column-inner\"><div class=\"wpb_wrapper\"><div class=\"banner-warpper sluzby\"><div class=\"banner-warpper-inner\"><a href=\"https:\/\/www.krivak.sk\/eng\/mestske-bicykle\/\" target=\"\" title=\"\"><div class=\"banner-background\" style=\"background-image: url(https:\/\/www.krivak.sk\/wp-content\/uploads\/2018\/03\/mestksebicyklenew.jpg);\"><\/div><div class=\"banner-inner\"><div class=\"banner-content\" style=\"border-color:;height:400px;\"><\/p>\n<h3 style=\"text-align: center;\"><span style=\"color: #ffffff;\">City bikes<\/span><\/h3>\n<p><\/div><\/div><\/a><\/div><\/div><\/div><\/div><\/div><div class=\"wpb_column vc_column_container vc_col-sm-6\"><div class=\"vc_column-inner\"><div class=\"wpb_wrapper\"><div class=\"banner-warpper sluzby\"><div class=\"banner-warpper-inner translation-block\">Pro Bono<br>\nLegal Services<\/div><\/div><\/div><\/div><\/div><div class=\"wpb_column vc_column_container vc_col-sm-6\"><div class=\"vc_column-inner\"><div class=\"wpb_wrapper\"><div class=\"banner-warpper sluzby\"><div class=\"banner-warpper-inner\"><a href=\"https:\/\/www.krivak.sk\/eng\/karpaty-tour\/\" target=\"\" title=\"\"><div class=\"banner-background\" style=\"background-image: url(https:\/\/www.krivak.sk\/wp-content\/uploads\/2018\/04\/20180425_155121-1.jpg);\"><\/div><div class=\"banner-inner\"><div class=\"banner-content\" style=\"border-color:;height:400px;\"><\/p>\n<h3 style=\"text-align: center;\"><span style=\"color: #ffffff;\">Karpaty Tour<\/span><\/h3>\n<p><\/div><\/div><\/a><\/div><\/div><\/div><\/div><\/div><\/div><div class=\"vc_row-full-width\"><\/div>\n<\/section>","protected":false},"excerpt":{"rendered":"Krivak &amp; Co \u0160tipendijn\u00fd program \u0160TIPENDIJN\u00dd PROGRAM \u201eBudem spokojn\u00fd, ke\u010f bude ma\u0165 n\u00e1\u0161 program aspo\u0148 sto \u0161tipendistov\u201c JUDr. Martin Kriv\u00e1k Cie\u013eom projektu je podporova\u0165 talentovan\u00e9 deti zo soci\u00e1lne znev\u00fdhodnen\u00fdch podmienok, aby s dobr\u00fdm prospechom absolvovali z\u00e1kladn\u00fa, stredn\u00fa alebo umeleck\u00fa \u0161kolu. Chceme prispieva\u0165 k tomu, aby najm\u00e4 (ale nielen) r\u00f3mske deti&hellip;","protected":false},"author":32,"featured_media":0,"parent":0,"menu_order":0,"comment_status":"closed","ping_status":"closed","template":"","meta":[],"acf":[],"aioseo_notices":[],"_links":{"self":[{"href":"https:\/\/www.krivak.sk\/eng\/wp-json\/wp\/v2\/pages\/33067"}],"collection":[{"href":"https:\/\/www.krivak.sk\/eng\/wp-json\/wp\/v2\/pages"}],"about":[{"href":"https:\/\/www.krivak.sk\/eng\/wp-json\/wp\/v2\/types\/page"}],"author":[{"embeddable":true,"href":"https:\/\/www.krivak.sk\/eng\/wp-json\/wp\/v2\/users\/32"}],"replies":[{"embeddable":true,"href":"https:\/\/www.krivak.sk\/eng\/wp-json\/wp\/v2\/comments?post=33067"}],"version-history":[{"count":2,"href":"https:\/\/www.krivak.sk\/eng\/wp-json\/wp\/v2\/pages\/33067\/revisions"}],"predecessor-version":[{"id":37526,"href":"https:\/\/www.krivak.sk\/eng\/wp-json\/wp\/v2\/pages\/33067\/revisions\/37526"}],"wp:attachment":[{"href":"https:\/\/www.krivak.sk\/eng\/wp-json\/wp\/v2\/media?parent=33067"}],"curies":[{"name":"wp","href":"https:\/\/api.w.org\/{rel}","templated":true}]}}