{"id":32438,"date":"2018-01-02T22:39:25","date_gmt":"2018-01-02T21:39:25","guid":{"rendered":"http:\/\/www.krivak.sk\/?page_id=32438"},"modified":"2024-02-15T14:29:54","modified_gmt":"2024-02-15T13:29:54","slug":"bankove-financne-pravo","status":"publish","type":"page","link":"https:\/\/www.krivak.sk\/eng\/sluzby-4\/bankove-financne-pravo\/","title":{"rendered":"Banking and Financial Law"},"content":{"rendered":"<section class=\"wpb-content-wrapper\"><div id=\"headerpoyadie\" data-vc-full-width=\"true\" data-vc-full-width-init=\"false\" data-vc-stretch-content=\"true\" class=\"vc_row wpb_row vc_row-fluid vc_custom_1519923483907 vc_row-has-fill vc_row-no-padding vc_row-o-full-height vc_row-o-content-bottom vc_row-flex\"><div class=\"wpb_column vc_column_container vc_col-sm-12\"><div class=\"vc_column-inner\"><div class=\"wpb_wrapper\">\n\t<div class=\"wpb_text_column wpb_content_element\" id=\"boxvheaderpozadi-zalozky2\">\n\t\t<div class=\"wpb_wrapper\">\n\t\t\t<h4>Krivak &amp; Co<\/h4>\n<h1 class=\"fancy-title entry-title\">Banking and Financial Law<\/h1>\n<p class=\"fancy-subtitle entry-title\"><img decoding=\"async\" loading=\"lazy\" class=\"alignleft size-full wp-image-32210\" src=\"http:\/\/www.krivak.sk\/wp-content\/uploads\/revslider\/dejure-home\/line.png\" alt=\"\" width=\"199\" height=\"11\" \/><\/p>\n\n\t\t<\/div>\n\t<\/div>\n<\/div><\/div><\/div><\/div><div class=\"vc_row-full-width\"><\/div><div class=\"vc_row wpb_row vc_row-fluid vc_custom_1521542701771\"><div class=\"wpb_column vc_column_container vc_col-sm-12\"><div class=\"vc_column-inner\"><div class=\"wpb_wrapper\">\n\t<div class=\"wpb_text_column wpb_content_element\" >\n\t\t<div class=\"wpb_wrapper\">\n\t\t\t<p style=\"text-align: center;\"><span style=\"color: #a78f68;\"><strong>BANKING AND FINANCIAL LAW<\/strong><\/span><\/p>\n<h1 style=\"text-align: center;\">Our clients include central banks operating in the Slovak market for over 25 years<\/h1>\n\n\t\t<\/div>\n\t<\/div>\n<div class=\"vc_empty_space\"   style=\"height: 20px\"><span class=\"vc_empty_space_inner\"><\/span><\/div><\/div><\/div><\/div><\/div><div class=\"vc_row wpb_row vc_row-fluid vc_custom_1520426050929\"><div class=\"wpb_column vc_column_container vc_col-sm-12\"><div class=\"vc_column-inner\"><div class=\"wpb_wrapper\">\n\t<div class=\"wpb_text_column wpb_content_element\" >\n\t\t<div class=\"wpb_wrapper\">\n\t\t\t<p class=\" translation-block\">We have drafted <strong>credit and security documents<\/strong> for banks in over 25 transactions, and in more than 20 transactions, we have taken sides with bank clients and reviewed the documents from their perspective.<\/p>\n<p style=\"font-weight: 400;\" class=\" translation-block\"><strong>We have also prepared standard credit documentation<\/strong>, terms and conditions, and credit conditions for financial institutions and banks. We can successfully navigate you through the landscape of <strong>financial consumer rights<\/strong>.<\/p>\n<p style=\"font-weight: 400;\" class=\" translation-block\">Our lawyers have participated in the drafting of <strong>sample and individual contracts of retail and private banks<\/strong> for everyday and private customers, as well as large companies.<\/p>\n<p class=\" translation-block\">We have developed particular expertise in <strong>securities law, investment services<\/strong>, and transactions conducted by securities dealers. Our legal services cover full-scale counseling for <strong>securities dealers, payment institutions, financial institutions for consumers<\/strong>, and other entities regulated by the National Bank of Slovakia. We build on <strong>a profound understanding of EU regulatory legislation.<\/strong><\/p>\n<p><a href=\"https:\/\/www.krivak.sk\/eng\/nase-uspechy\/#1518748543666-386e0bf0-01b0\"><strong>CASES AND EXPERIENCE<\/strong><\/a><\/p>\n\n\t\t<\/div>\n\t<\/div>\n<\/div><\/div><\/div><\/div><div class=\"vc_row wpb_row vc_row-fluid vc_custom_1520426050929\"><div class=\"wpb_column vc_column_container vc_col-sm-12\"><div class=\"vc_column-inner\"><div class=\"wpb_wrapper\">\n\t<div class=\"wpb_text_column wpb_content_element\" >\n\t\t<div class=\"wpb_wrapper\">\n\t\t\t\n\t\t<\/div>\n\t<\/div>\n<\/div><\/div><\/div><\/div><div class=\"vc_row wpb_row vc_row-fluid vc_custom_1520425644014\"><div class=\"wpb_column vc_column_container vc_col-sm-3\"><div class=\"vc_column-inner vc_custom_1525357701680\"><div class=\"wpb_wrapper\"><div class=\"banner-warpper sluzby\"><div class=\"banner-warpper-inner\"><a href=\"https:\/\/www.krivak.sk\/eng\/sluzby-4\/sporova-agenda\/\" target=\"\" title=\"\"><div class=\"banner-background\" style=\"background-image: url(https:\/\/www.krivak.sk\/wp-content\/uploads\/2018\/02\/3E3E9260.jpg);\"><\/div><div class=\"banner-inner\"><div class=\"banner-content\" style=\"border-color:;height:300px;\"><\/p>\n<h3 style=\"text-align: center;\"><span style=\"color: #ffffff;\">Litigation<br \/>\n<\/span><\/h3>\n<p><\/div><\/div><\/a><\/div><\/div><div class=\"vc_empty_space\"   style=\"height: 32px\"><span class=\"vc_empty_space_inner\"><\/span><\/div><div class=\"banner-warpper sluzby\"><div class=\"banner-warpper-inner\"><a href=\"https:\/\/www.krivak.sk\/eng\/sluzby-4\/antidiskriminacne-pravo-2\/\" target=\"\" title=\"Anti-discrimination Law\"><div class=\"banner-background\" style=\"background-image: url(https:\/\/www.krivak.sk\/wp-content\/uploads\/2024\/02\/antidiskriminacne-pravo.jpg);\"><\/div><div class=\"banner-inner\"><div class=\"banner-content\" style=\"border-color:;height:300px;\"><\/p>\n<h3 style=\"text-align: center;\"><span style=\"color: #ffffff;\">Anti-discrimination Law<\/span><\/h3>\n<p><\/div><\/div><\/a><\/div><\/div><div class=\"vc_empty_space\"   style=\"height: 32px\"><span class=\"vc_empty_space_inner\"><\/span><\/div><div class=\"banner-warpper sluzby\"><div class=\"banner-warpper-inner\"><a href=\"https:\/\/www.krivak.sk\/eng\/sluzby-4\/stavebne-a-pozemkove-pravo-2\/\" target=\"\" title=\"Public Procurement\"><div class=\"banner-background\" style=\"background-image: url(https:\/\/www.krivak.sk\/wp-content\/uploads\/2023\/08\/Stavebne-a-pozemkove-pravo-scaled-e1690874787966.jpg);\"><\/div><div class=\"banner-inner\"><div class=\"banner-content\" style=\"border-color:;height:300px;\"><\/p>\n<h3 style=\"text-align: center;\"><span style=\"color: #ffffff;\">Construction Law and Real Estate Rights<br \/>\n<\/span><\/h3>\n<p><\/div><\/div><\/a><\/div><\/div><\/div><\/div><\/div><div class=\"wpb_column vc_column_container vc_col-sm-3\"><div class=\"vc_column-inner vc_custom_1525357707424\"><div class=\"wpb_wrapper\"><div class=\"banner-warpper sluzby\"><div class=\"banner-warpper-inner\"><a href=\"https:\/\/www.krivak.sk\/eng\/sluzby\/verejne-obstaravanie\/\" target=\"\" title=\"Public Procurement\"><div class=\"banner-background\" style=\"background-image: url(https:\/\/www.krivak.sk\/wp-content\/uploads\/2020\/02\/sluzby.jpg);\"><\/div><div class=\"banner-inner\"><div class=\"banner-content\" style=\"border-color:;height:300px;\"><\/p>\n<h3 style=\"text-align: center;\"><span style=\"color: #ffffff;\">Public Procurement<br \/>\n<\/div><\/div><\/a><\/div><\/div><div class=\"vc_empty_space\"   style=\"height: 32px\"><span class=\"vc_empty_space_inner\"><\/span><\/div><div class=\"banner-warpper sluzby\"><div class=\"banner-warpper-inner\"><a href=\"https:\/\/www.krivak.sk\/eng\/sluzby-4\/pracovne-pravo-2\/\" target=\"\" title=\"Labor Law\"><div class=\"banner-background\" style=\"background-image: url(https:\/\/www.krivak.sk\/wp-content\/uploads\/2024\/02\/pracovne-pravo.jpg);\"><\/div><div class=\"banner-inner\"><div class=\"banner-content\" style=\"border-color:;height:300px;\"><\/span><\/h3>\n<h3 style=\"text-align: center;\"><span style=\"color: #ffffff;\">Labor Law<\/span><\/h3>\n<p><\/div><\/div><\/a><\/div><\/div><div class=\"vc_empty_space\"   style=\"height: 32px\"><span class=\"vc_empty_space_inner\"><\/span><\/div><div class=\"banner-warpper sluzby\"><div class=\"banner-warpper-inner\"><a href=\"https:\/\/www.krivak.sk\/eng\/sluzby-4\/medialne-pravo-2\/\" target=\"\" title=\"Media Law\"><div class=\"banner-background\" style=\"background-image: url(https:\/\/www.krivak.sk\/wp-content\/uploads\/2023\/08\/medialne-pravo.jpg);\"><\/div><div class=\"banner-inner\"><div class=\"banner-content\" style=\"border-color:;height:300px;\"><\/p>\n<h3 style=\"text-align: center;\"><span style=\"color: #ffffff;\">Media Law<br \/>\n<\/span><\/h3>\n<p><\/div><\/div><\/a><\/div><\/div><\/div><\/div><\/div><div class=\"wpb_column vc_column_container vc_col-sm-3\"><div class=\"vc_column-inner vc_custom_1525357707424\"><div class=\"wpb_wrapper\"><div class=\"banner-warpper sluzby\"><div class=\"banner-warpper-inner\"><a href=\"https:\/\/www.krivak.sk\/eng\/sluzby-4\/pravo-obchodnych-spolocnosti\/\" target=\"\" title=\"\"><div class=\"banner-background\" style=\"background-image: url(https:\/\/www.krivak.sk\/wp-content\/uploads\/2018\/02\/3E3E9191.jpg);\"><\/div><div class=\"banner-inner\"><div class=\"banner-content\" style=\"border-color:;height:300px;\"><\/p>\n<h3 style=\"text-align: center;\"><span style=\"color: #ffffff;\">Corporate Law<\/span><\/h3>\n<p><\/div><\/div><\/a><\/div><\/div><div class=\"vc_empty_space\"   style=\"height: 32px\"><span class=\"vc_empty_space_inner\"><\/span><\/div><div class=\"banner-warpper sluzby\"><div class=\"banner-warpper-inner\"><a href=\"https:\/\/www.krivak.sk\/eng\/sluzby-4\/rovnost-v-odmenovani-2\/\" target=\"\" title=\"Equal Pay\"><div class=\"banner-background\" style=\"background-image: url(https:\/\/www.krivak.sk\/wp-content\/uploads\/2024\/02\/rovnost-v-odmenovani-scaled.jpg);\"><\/div><div class=\"banner-inner\"><div class=\"banner-content\" style=\"border-color:;height:300px;\"><\/p>\n<h3 style=\"text-align: center;\"><span style=\"color: #ffffff;\">Equal Pay<\/span><\/h3>\n<p><\/div><\/div><\/a><\/div><\/div><div class=\"vc_empty_space\"   style=\"height: 32px\"><span class=\"vc_empty_space_inner\"><\/span><\/div><div class=\"banner-warpper sluzby\"><div class=\"banner-warpper-inner\"><a href=\"https:\/\/www.krivak.sk\/eng\/sluzby-4\/trestne-pravo\/\" target=\"\" title=\"Criminal Law\"><div class=\"banner-background\" style=\"background-image: url(https:\/\/www.krivak.sk\/wp-content\/uploads\/2023\/08\/Trestne-pravo-scaled-e1690874648228.jpg);\"><\/div><div class=\"banner-inner\"><div class=\"banner-content\" style=\"border-color:;height:300px;\"><\/p>\n<h3 style=\"text-align: center;\"><span style=\"color: #ffffff;\">Criminal Law<br \/>\n<\/span><\/h3>\n<p><\/div><\/div><\/a><\/div><\/div><\/div><\/div><\/div><div class=\"wpb_column vc_column_container vc_col-sm-3\"><div class=\"vc_column-inner\"><div class=\"wpb_wrapper\"><div class=\"banner-warpper sluzby\"><div class=\"banner-warpper-inner\"><a href=\"https:\/\/www.krivak.sk\/eng\/sluzby-4\/bankove-financne-pravo\/\" target=\"\" title=\"Banking and Financial Law\"><div class=\"banner-background\" style=\"background-image: url(https:\/\/www.krivak.sk\/wp-content\/uploads\/2018\/02\/3E3E9233.jpg);\"><\/div><div class=\"banner-inner\"><div class=\"banner-content\" style=\"border-color:;height:300px;\"><\/p>\n<h3 style=\"text-align: center;\"><span style=\"color: #ffffff;\">Banking and Financial Law<br \/>\n<\/span><\/h3>\n<p><\/div><\/div><\/a><\/div><\/div><div class=\"vc_empty_space\"   style=\"height: 32px\"><span class=\"vc_empty_space_inner\"><\/span><\/div><div class=\"banner-warpper sluzby\"><div class=\"banner-warpper-inner\"><a href=\"https:\/\/www.krivak.sk\/eng\/sluzby-4\/zdravotnicke-pravo\/\" target=\"\" title=\"Health Law\"><div class=\"banner-background\" style=\"background-image: url(https:\/\/www.krivak.sk\/wp-content\/uploads\/2024\/02\/zdravotnice-pravo.jpg);\"><\/div><div class=\"banner-inner\"><div class=\"banner-content\" style=\"border-color:;height:300px;\"><\/p>\n<h3 style=\"text-align: center;\"><span style=\"color: #ffffff;\">Health Law<\/span><\/h3>\n<p><\/div><\/div><\/a><\/div><\/div><div class=\"vc_empty_space\"   style=\"height: 32px\"><span class=\"vc_empty_space_inner\"><\/span><\/div><div class=\"banner-warpper sluzby\"><div class=\"banner-warpper-inner\"><a href=\"https:\/\/www.krivak.sk\/eng\/sluzby-4\/sportove-pravo-2\/\" target=\"\" title=\"Sports Law\"><div class=\"banner-background\" style=\"background-image: url(https:\/\/www.krivak.sk\/wp-content\/uploads\/2023\/08\/sportove-pravo.jpg);\"><\/div><div class=\"banner-inner\"><div class=\"banner-content\" style=\"border-color:;height:300px;\"><\/p>\n<h3 style=\"text-align: center;\"><span style=\"color: #ffffff;\">Sports Law<\/span><\/h3>\n<p><\/div><\/div><\/a><\/div><\/div><\/div><\/div><\/div><\/div>\n<\/section>","protected":false},"excerpt":{"rendered":"Krivak &amp; Co Bankov\u00e9 a finan\u010dn\u00e9 pr\u00e1vo BANKOV\u00c9 A FINAN\u010cN\u00c9 PR\u00c1VO U\u017e viac ako 25 rokov poskytujeme slu\u017eby v\u00fdznamn\u00fdm bank\u00e1m na slovenskom trhu M\u00e1me za sebou viac ako 25 transakci\u00ed, kde sme pripravovali\u00a0\u00faverov\u00fa a\u00a0zabezpe\u010dovaciu dokument\u00e1ciu\u00a0ako z\u00e1stupca b\u00e1nk. Vo viac ako 20 transakci\u00e1ch sme zase st\u00e1li na strane klientov b\u00e1nk a\u00a0pripomienkovali&hellip;","protected":false},"author":32,"featured_media":0,"parent":32017,"menu_order":0,"comment_status":"closed","ping_status":"closed","template":"","meta":[],"acf":[],"aioseo_notices":[],"_links":{"self":[{"href":"https:\/\/www.krivak.sk\/eng\/wp-json\/wp\/v2\/pages\/32438"}],"collection":[{"href":"https:\/\/www.krivak.sk\/eng\/wp-json\/wp\/v2\/pages"}],"about":[{"href":"https:\/\/www.krivak.sk\/eng\/wp-json\/wp\/v2\/types\/page"}],"author":[{"embeddable":true,"href":"https:\/\/www.krivak.sk\/eng\/wp-json\/wp\/v2\/users\/32"}],"replies":[{"embeddable":true,"href":"https:\/\/www.krivak.sk\/eng\/wp-json\/wp\/v2\/comments?post=32438"}],"version-history":[{"count":8,"href":"https:\/\/www.krivak.sk\/eng\/wp-json\/wp\/v2\/pages\/32438\/revisions"}],"predecessor-version":[{"id":37663,"href":"https:\/\/www.krivak.sk\/eng\/wp-json\/wp\/v2\/pages\/32438\/revisions\/37663"}],"up":[{"embeddable":true,"href":"https:\/\/www.krivak.sk\/eng\/wp-json\/wp\/v2\/pages\/32017"}],"wp:attachment":[{"href":"https:\/\/www.krivak.sk\/eng\/wp-json\/wp\/v2\/media?parent=32438"}],"curies":[{"name":"wp","href":"https:\/\/api.w.org\/{rel}","templated":true}]}}